{"id":450,"date":"2022-03-14T13:08:09","date_gmt":"2022-03-14T13:08:09","guid":{"rendered":"http:\/\/cocoroom.es\/sevilla\/?page_id=450"},"modified":"2026-03-19T11:55:26","modified_gmt":"2026-03-19T11:55:26","slug":"enigma-de-goya","status":"publish","type":"page","link":"https:\/\/cocoroom.es\/sevilla\/enigma-de-goya\/","title":{"rendered":"Enigma de Goya"},"content":{"rendered":"\t\t<div data-elementor-type=\"wp-page\" data-elementor-id=\"450\" class=\"elementor elementor-450\" data-elementor-post-type=\"page\">\n\t\t\t\t\t\t<section class=\"elementor-section elementor-top-section elementor-element elementor-element-47b6e98 elementor-section-stretched elementor-section-boxed elementor-section-height-default elementor-section-height-default\" data-id=\"47b6e98\" data-element_type=\"section\" data-e-type=\"section\" data-settings=\"{&quot;stretch_section&quot;:&quot;section-stretched&quot;,&quot;background_background&quot;:&quot;classic&quot;}\">\n\t\t\t\t\t\t\t<div class=\"elementor-background-overlay\"><\/div>\n\t\t\t\t\t\t\t<div class=\"elementor-container elementor-column-gap-default\">\n\t\t\t\t\t<div class=\"elementor-column elementor-col-50 elementor-top-column elementor-element elementor-element-223a4685\" data-id=\"223a4685\" data-element_type=\"column\" data-e-type=\"column\">\n\t\t\t<div class=\"elementor-widget-wrap elementor-element-populated\">\n\t\t\t\t\t\t<div class=\"elementor-element elementor-element-2eb74eff elementor-widget elementor-widget-heading\" data-id=\"2eb74eff\" data-element_type=\"widget\" data-e-type=\"widget\" data-widget_type=\"heading.default\">\n\t\t\t\t<div class=\"elementor-widget-container\">\n\t\t\t\t\t<h1 class=\"elementor-heading-title elementor-size-default\">El Enigma de Goya<\/h1>\t\t\t\t<\/div>\n\t\t\t\t<\/div>\n\t\t\t\t<div class=\"elementor-element elementor-element-473251d1 elementor-widget-divider--view-line elementor-widget elementor-widget-divider\" data-id=\"473251d1\" data-element_type=\"widget\" data-e-type=\"widget\" data-widget_type=\"divider.default\">\n\t\t\t\t<div class=\"elementor-widget-container\">\n\t\t\t\t\t\t\t<div class=\"elementor-divider\">\n\t\t\t<span class=\"elementor-divider-separator\">\n\t\t\t\t\t\t<\/span>\n\t\t<\/div>\n\t\t\t\t\t\t<\/div>\n\t\t\t\t<\/div>\n\t\t\t\t<div class=\"elementor-element elementor-element-26656bf elementor-widget elementor-widget-text-editor\" data-id=\"26656bf\" data-element_type=\"widget\" data-e-type=\"widget\" data-widget_type=\"text-editor.default\">\n\t\t\t\t<div class=\"elementor-widget-container\">\n\t\t\t\t\t\t\t\t\t<p>DURACI\u00d3N<br \/><strong>60min<\/strong><\/p><p>DIFICULTAD<br \/><strong>6\/10<\/strong><\/p><p>JUGADORES<br \/><strong>2-7<\/strong><\/p>\t\t\t\t\t\t\t\t<\/div>\n\t\t\t\t<\/div>\n\t\t\t\t\t<\/div>\n\t\t<\/div>\n\t\t\t\t<div class=\"elementor-column elementor-col-50 elementor-top-column elementor-element elementor-element-666af45\" data-id=\"666af45\" data-element_type=\"column\" data-e-type=\"column\">\n\t\t\t<div class=\"elementor-widget-wrap\">\n\t\t\t\t\t\t\t<\/div>\n\t\t<\/div>\n\t\t\t\t\t<\/div>\n\t\t<\/section>\n\t\t\t\t<section class=\"elementor-section elementor-top-section elementor-element elementor-element-b0c63b1 elementor-section-boxed elementor-section-height-default elementor-section-height-default\" data-id=\"b0c63b1\" data-element_type=\"section\" data-e-type=\"section\" data-settings=\"{&quot;background_background&quot;:&quot;classic&quot;}\">\n\t\t\t\t\t\t<div class=\"elementor-container elementor-column-gap-default\">\n\t\t\t\t\t<div class=\"elementor-column elementor-col-50 elementor-top-column elementor-element elementor-element-dd26848\" data-id=\"dd26848\" data-element_type=\"column\" data-e-type=\"column\">\n\t\t\t<div class=\"elementor-widget-wrap elementor-element-populated\">\n\t\t\t\t\t\t<div class=\"elementor-element elementor-element-b7bad48 elementor-view-framed elementor-position-inline-start elementor-shape-circle elementor-mobile-position-block-start elementor-widget elementor-widget-icon-box\" data-id=\"b7bad48\" data-element_type=\"widget\" data-e-type=\"widget\" data-widget_type=\"icon-box.default\">\n\t\t\t\t<div class=\"elementor-widget-container\">\n\t\t\t\t\t\t\t<div class=\"elementor-icon-box-wrapper\">\n\n\t\t\t\t\t\t<div class=\"elementor-icon-box-icon\">\n\t\t\t\t<span  class=\"elementor-icon\">\n\t\t\t\t<svg xmlns=\"http:\/\/www.w3.org\/2000\/svg\" xmlns:xlink=\"http:\/\/www.w3.org\/1999\/xlink\" id=\"Capa_1\" x=\"0px\" y=\"0px\" width=\"300px\" height=\"300px\" viewBox=\"0 0 300 300\" xml:space=\"preserve\"><g>\t<g>\t\t<path fill=\"#141414\" d=\"M215.617,232.537c0.198,0,0.401-0.027,0.599-0.082c1.199-0.329,1.902-1.569,1.569-2.766   c-1.882-6.825,1.235-12.579,1.29-12.678c0.607-1.078,0.228-2.448-0.851-3.06c-1.078-0.612-2.45-0.233-3.062,0.845   c-0.17,0.299-4.111,7.393-1.71,16.089C213.727,231.882,214.632,232.537,215.617,232.537L215.617,232.537z M215.617,232.537\"><\/path>\t\t<path fill=\"#141414\" d=\"M235.029,264.405l-5.639-20.446c-2.544-9.214-3.512-18.717-2.879-28.245l0.173-2.706   c0.047-0.779-0.032-1.542-0.233-2.258c-0.76-2.766-3.199-4.772-6.072-4.995c-0.95-0.071-1.756-0.716-2.055-1.649   c-0.491-1.529-0.988-2.945-1.506-4.301c0.181-0.263,0.353-0.532,0.513-0.815c1.402-2.466,1.756-5.334,1.002-8.07   c-1.307-4.733-5.637-7.824-10.329-7.788c-12.08-17.46-30.665-29.348-51.416-32.899v-3.658c2.868-0.219,5.434-1.666,7.118-4.045   c1.838-2.593,2.289-5.798,1.235-8.794c0,0-5.804-16.522-7.818-22.257c-0.381-1.087-0.669-2.201-0.955-3.318   c-1.493-5.883-6.836-10.248-13.177-10.248h-2.371v-9.684c2.407-0.436,4.706-1.578,6.561-3.432   c2.354-2.355,3.649-5.483,3.649-8.808c0-3.329-1.295-6.457-3.649-8.811l-7.22-7.22c-0.419-0.422-0.993-0.658-1.588-0.658   c-0.596,0-1.169,0.236-1.592,0.658l-7.219,7.22c-4.857,4.857-4.857,12.763,0,17.62c1.857,1.855,4.157,2.996,6.563,3.432v9.684   h-6.654c-5.146,0-9.937,2.983-12.206,7.601l-2.11,4.291c-1.222,2.483-1.235,5.441,0.14,7.845c1.087,1.902,2.832,3.246,4.857,3.82   v31.331c-19.145,6.067-35.091,19.066-45.028,36.757c-10.224,18.198-12.894,39.248-7.526,59.244   c0.068,0.263,0.247,0.914,0.247,0.914c3.707,13.438,13.29,24.035,26.285,29.071c13.002,5.035,27.224,3.661,39.018-3.773   l10.112-6.369c1.784-1.125,3.704-1.976,5.71-2.53c11.256-3.109,22.954,3.548,26.074,14.843c0.274,0.996,1.179,1.649,2.165,1.649   c0.197,0,0.4-0.027,0.598-0.083l55.65-15.356C234.656,266.841,235.358,265.601,235.029,264.405L235.029,264.405z M156.587,123.515   l4.114,11.709c0.563,1.605,0.321,3.32-0.662,4.706c-0.831,1.175-2.063,1.918-3.452,2.121V123.515z M132.741,81.616   c-3.104-3.104-3.104-8.155,0-11.259l5.631-5.631l5.63,5.631c1.504,1.504,2.333,3.501,2.333,5.628c0,2.126-0.829,4.127-2.333,5.63   c-1.503,1.504-3.504,2.333-5.63,2.333C136.245,83.949,134.245,83.12,132.741,81.616L132.741,81.616z M119.166,115.362   c-0.59-1.075-0.557-2.39-0.014-3.493l2.146-4.374c1.531-3.114,4.7-5.087,8.172-5.087h13.52c5.027,0,9.102,4.075,9.102,9.102   v56.967c-5.483-0.351-11.086,1.539-15.299,5.688c-2.944,2.901-6.86,4.468-10.973,4.449c-0.395-0.003-0.785-0.025-1.172-0.058   v-62.068c0-1.175-0.858-2.223-2.027-2.332c-1.342-0.129-2.47,0.922-2.47,2.236v0.132   C119.761,116.219,119.424,115.832,119.166,115.362L119.166,115.362z M172.011,259.259c-1.246,2.195-1.561,4.747-0.889,7.181   l0.167,0.606c-3.419-2.917-7.566-4.906-12.008-5.741c1.891-1.476,3.493-3.323,4.712-5.472c2.443-4.303,3.06-9.294,1.746-14.063   c-0.329-1.196-1.57-1.896-2.766-1.567c-1.196,0.329-1.899,1.567-1.567,2.764c0.993,3.611,0.527,7.389-1.323,10.647   c-1.847,3.255-4.851,5.598-8.463,6.594c-0.209,0.058-0.417,0.107-0.623,0.157c-4.218,0.96-8.433-0.256-11.566-3.337   c-3.208-3.153-4.571-7.651-3.649-12.03c2.135-10.134-0.917-20.603-8.161-28.004c-0.87-0.889-2.291-0.903-3.18-0.036   c-0.887,0.87-0.901,2.294-0.033,3.181c6.19,6.325,8.8,15.271,6.975,23.931c-1.24,5.886,0.59,11.929,4.896,16.163   c1.732,1.704,3.757,2.988,5.932,3.82c-0.455,0.252-0.908,0.513-1.349,0.79l-10.109,6.369c-10.581,6.668-23.339,7.9-34.998,3.383   c-11.66-4.516-20.252-14.019-23.566-26.041c0,0-0.176-0.636-0.242-0.889c-5.068-18.882-2.547-38.735,7.096-55.905   c9.14-16.269,23.662-28.327,41.109-34.226v19.96c-1.943-0.783-3.724-1.959-5.238-3.496c-0.87-0.884-2.294-0.894-3.177-0.025   c-0.884,0.872-0.895,2.297-0.025,3.18c3.902,3.963,9.064,5.947,14.228,5.947c5.06,0,10.126-1.907,14.009-5.732   c6.078-5.984,15.894-5.911,21.881,0.167c0.87,0.884,2.294,0.895,3.178,0.022c0.886-0.87,0.897-2.294,0.025-3.178   c-2.428-2.464-5.343-4.163-8.444-5.096v-14.48c18.942,3.449,35.914,14.269,47.165,30.097c-0.157,0.425-0.19,0.897-0.06,1.369   c0.332,1.196,1.569,1.899,2.766,1.567c3.257-0.897,6.641,1.021,7.541,4.281c0.433,1.578,0.228,3.23-0.579,4.654   c-0.81,1.425-2.121,2.448-3.702,2.884c-0.307,0.085-0.859,0.173-1.496,0.271l-26.831-15.224c-0.653-0.37-1.452-0.389-2.124-0.049   c-3.838,1.943-6.995,4.953-9.124,8.704c-2.881,5.079-3.614,10.973-2.06,16.605c1.552,5.628,5.205,10.312,10.284,13.196   c3.334,1.89,7.019,2.856,10.754,2.856c1.951,0,3.916-0.263,5.847-0.799c5.628-1.553,10.315-5.205,13.196-10.282   c1.91-3.367,2.876-7.135,2.84-10.973c0.779-0.223,1.517-0.535,2.212-0.917c0.28,0.782,0.554,1.586,0.825,2.431   c0.856,2.683,3.214,4.552,5.996,4.764c0.986,0.074,1.819,0.757,2.08,1.71c0.069,0.244,0.096,0.51,0.08,0.779l-0.173,2.692   c-0.626,9.41,0.233,18.8,2.554,27.938c-1.673-0.495-3.455-0.525-5.181-0.05c-2.434,0.672-4.459,2.253-5.705,4.448   c-0.129,0.228-0.242,0.459-0.351,0.692c-0.211-0.143-0.428-0.286-0.655-0.414c-2.195-1.246-4.745-1.564-7.181-0.892   c-2.78,0.769-4.923,2.712-6.053,5.143c-0.214-0.145-0.431-0.289-0.659-0.417c-2.195-1.246-4.745-1.562-7.181-0.892   c-2.434,0.672-4.462,2.253-5.708,4.448c-0.129,0.228-0.242,0.462-0.351,0.698c-2.218-1.51-5.052-2.077-7.835-1.309   C175.285,255.483,173.257,257.061,172.011,259.259L172.011,259.259z M206.518,204.131c0.006,3.002-0.768,5.949-2.263,8.586   c-4.726,8.326-15.342,11.257-23.668,6.531c-4.034-2.289-6.934-6.012-8.169-10.482c-1.234-4.47-0.653-9.154,1.636-13.188   c1.495-2.634,3.63-4.811,6.212-6.344L206.518,204.131z M178.857,277.573l-3.402-12.329c-0.351-1.279-0.187-2.615,0.466-3.767   c0.655-1.15,1.718-1.979,2.993-2.333c2.637-0.727,5.373,0.826,6.1,3.46l3.403,12.332L178.857,277.573z M192.751,273.74   l-3.403-12.329c-0.727-2.637,0.823-5.373,3.46-6.1c2.634-0.727,5.373,0.826,6.1,3.46l3.403,12.332L192.751,273.74z    M206.644,269.906l-3.403-12.329c-0.727-2.637,0.826-5.373,3.46-6.1c2.637-0.727,5.373,0.826,6.1,3.46l3.402,12.329   L206.644,269.906z M220.537,266.073l-3.402-12.332c-0.351-1.276-0.187-2.613,0.469-3.765c0.653-1.152,1.715-1.981,2.993-2.332   c1.276-0.354,2.613-0.186,3.765,0.466c1.152,0.653,1.981,1.718,2.332,2.994l0.826,2.997l2.574,9.332L220.537,266.073z    M220.537,266.073\"><\/path>\t<\/g>\t<path fill=\"#141414\" d=\"M141.678,163.881c3.838,0,6.962-3.123,6.962-6.962v-42.863c0-1.243-1.007-2.247-2.247-2.247  c-1.243,0-2.248,1.005-2.248,2.247v42.863c0,1.358-1.106,2.464-2.466,2.464c-1.359,0-2.464-1.106-2.464-2.464v-20.663  c0-1.241-1.007-2.248-2.247-2.248c-1.241,0-2.248,1.007-2.248,2.248v20.663C134.719,160.758,137.842,163.881,141.678,163.881  L141.678,163.881z M141.678,163.881\"><\/path>\t<path fill=\"#141414\" d=\"M138.372,53.942c1.24,0,2.247-1.007,2.247-2.247V19.639c0-1.241-1.007-2.247-2.247-2.247  c-1.241,0-2.248,1.007-2.248,2.247v32.056C136.124,52.935,137.131,53.942,138.372,53.942L138.372,53.942z M138.372,53.942\"><\/path>\t<path fill=\"#141414\" d=\"M121.746,58.563c0.444,0.53,1.081,0.804,1.723,0.804c0.51,0,1.024-0.174,1.443-0.527  c0.953-0.799,1.076-2.215,0.277-3.167l-20.605-24.557c-0.796-0.95-2.214-1.073-3.167-0.277c-0.949,0.799-1.073,2.217-0.277,3.17  L121.746,58.563z M121.746,58.563\"><\/path>\t<path fill=\"#141414\" d=\"M159.575,84.525c-1.076-0.62-2.45-0.252-3.071,0.823c-0.62,1.076-0.252,2.45,0.823,3.071l27.759,16.028  c0.353,0.206,0.74,0.302,1.122,0.302c0.777,0,1.534-0.403,1.949-1.123c0.622-1.075,0.252-2.45-0.82-3.071L159.575,84.525z   M159.575,84.525\"><\/path>\t<path fill=\"#141414\" d=\"M83.578,67.501l31.57,5.567c0.131,0.023,0.263,0.033,0.393,0.033c1.07,0,2.02-0.766,2.211-1.857  c0.214-1.222-0.601-2.388-1.825-2.604L84.36,63.075c-1.224-0.214-2.388,0.601-2.604,1.822  C81.539,66.12,82.357,67.287,83.578,67.501L83.578,67.501z M83.578,67.501\"><\/path>\t<path fill=\"#141414\" d=\"M158.99,71.244c0.192,1.092,1.142,1.857,2.212,1.857c0.129,0,0.261-0.011,0.392-0.033l31.571-5.567  c1.221-0.214,2.039-1.38,1.822-2.604c-0.214-1.222-1.382-2.037-2.604-1.822l-31.567,5.565  C159.592,68.856,158.776,70.022,158.99,71.244L158.99,71.244z M158.99,71.244\"><\/path>\t<path fill=\"#141414\" d=\"M117.168,84.525l-27.762,16.028c-1.073,0.62-1.443,1.998-0.82,3.071c0.414,0.721,1.172,1.125,1.949,1.125  c0.381,0,0.769-0.096,1.123-0.302l27.759-16.028c1.076-0.62,1.444-1.995,0.823-3.071C119.618,84.275,118.244,83.904,117.168,84.525  L117.168,84.525z M117.168,84.525\"><\/path>\t<path fill=\"#141414\" d=\"M153.274,59.367c0.64,0,1.279-0.275,1.724-0.804l20.605-24.554c0.795-0.953,0.672-2.371-0.277-3.17  c-0.952-0.796-2.371-0.672-3.167,0.277l-20.605,24.557c-0.799,0.952-0.675,2.368,0.277,3.167  C152.251,59.194,152.764,59.367,153.274,59.367L153.274,59.367z M153.274,59.367\"><\/path><\/g><\/svg>\t\t\t\t<\/span>\n\t\t\t<\/div>\n\t\t\t\n\t\t\t\t\t\t<div class=\"elementor-icon-box-content\">\n\n\t\t\t\t\t\t\t\t\t<h2 class=\"elementor-icon-box-title\">\n\t\t\t\t\t\t<span  >\n\t\t\t\t\t\t\tEscape room de Goya en Sevilla\t\t\t\t\t\t<\/span>\n\t\t\t\t\t<\/h2>\n\t\t\t\t\n\t\t\t\t\t\t\t\t\t<p class=\"elementor-icon-box-description\">\n\t\t\t\t\t\t<p><strong>Este escape room nos traslada a Fuendetodos, al pueblo natal del magn\u00edfico pintor Francisco de Goya y Lucientes.<\/strong><\/p>\n\n<p>Tu equipo de investigaci\u00f3n tendr\u00e1 que adentrarse en una misteriosa casa antigua donde tendr\u00e9is que resolver un sorprendente enigma. Por suerte, contamos con una carta escrita por el pintor que nos puede servir como punto de partida para solucionarlo.<\/p>\n\n<p>Ahora s\u00f3lo necesitamos tu ayuda para desvelar el misterio que se esconde tras la muerte de Goya.<\/p>\n\n<p><strong>Es un juego de escape, cuya aventura pueden participar equipos de entre 2 a 7 personas.<\/strong><\/p>\t\t\t\t\t<\/p>\n\t\t\t\t\n\t\t\t<\/div>\n\t\t\t\n\t\t<\/div>\n\t\t\t\t\t\t<\/div>\n\t\t\t\t<\/div>\n\t\t\t\t\t<\/div>\n\t\t<\/div>\n\t\t\t\t<div class=\"elementor-column elementor-col-50 elementor-top-column elementor-element elementor-element-c2ceed5\" data-id=\"c2ceed5\" data-element_type=\"column\" data-e-type=\"column\">\n\t\t\t<div class=\"elementor-widget-wrap elementor-element-populated\">\n\t\t\t\t\t\t<div class=\"elementor-element elementor-element-46ea0b6 elementor-widget elementor-widget-video\" data-id=\"46ea0b6\" data-element_type=\"widget\" data-e-type=\"widget\" data-settings=\"{&quot;youtube_url&quot;:&quot;https:\\\/\\\/www.youtube.com\\\/watch?v=NgMTMT2qsqU&quot;,&quot;autoplay&quot;:&quot;yes&quot;,&quot;mute&quot;:&quot;yes&quot;,&quot;video_type&quot;:&quot;youtube&quot;,&quot;controls&quot;:&quot;yes&quot;}\" data-widget_type=\"video.default\">\n\t\t\t\t<div class=\"elementor-widget-container\">\n\t\t\t\t\t\t\t<div class=\"elementor-wrapper elementor-open-inline\">\n\t\t\t<div class=\"elementor-video\"><\/div>\t\t<\/div>\n\t\t\t\t\t\t<\/div>\n\t\t\t\t<\/div>\n\t\t\t\t<div class=\"elementor-element elementor-element-eef371d elementor-align-center elementor-widget elementor-widget-button\" data-id=\"eef371d\" data-element_type=\"widget\" data-e-type=\"widget\" data-widget_type=\"button.default\">\n\t\t\t\t<div class=\"elementor-widget-container\">\n\t\t\t\t\t\t\t\t\t<div class=\"elementor-button-wrapper\">\n\t\t\t\t\t<a class=\"elementor-button elementor-button-link elementor-size-xl elementor-animation-pulse\" href=\"https:\/\/reservas.cocoroom.es\/?ciudad=coco-room-sevilla&#038;juego=14439\">\n\t\t\t\t\t\t<span class=\"elementor-button-content-wrapper\">\n\t\t\t\t\t\t\t\t\t<span class=\"elementor-button-text\">Ver disponibilidad<\/span>\n\t\t\t\t\t<\/span>\n\t\t\t\t\t<\/a>\n\t\t\t\t<\/div>\n\t\t\t\t\t\t\t\t<\/div>\n\t\t\t\t<\/div>\n\t\t\t\t\t<\/div>\n\t\t<\/div>\n\t\t\t\t\t<\/div>\n\t\t<\/section>\n\t\t\t\t<section class=\"elementor-section elementor-top-section elementor-element elementor-element-4d1a4dbf elementor-section-stretched elementor-section-boxed elementor-section-height-default elementor-section-height-default\" data-id=\"4d1a4dbf\" data-element_type=\"section\" data-e-type=\"section\" data-settings=\"{&quot;stretch_section&quot;:&quot;section-stretched&quot;,&quot;background_background&quot;:&quot;classic&quot;}\">\n\t\t\t\t\t\t<div class=\"elementor-container elementor-column-gap-default\">\n\t\t\t\t\t<div class=\"elementor-column elementor-col-100 elementor-top-column elementor-element elementor-element-12d5e170\" data-id=\"12d5e170\" data-element_type=\"column\" data-e-type=\"column\">\n\t\t\t<div class=\"elementor-widget-wrap elementor-element-populated\">\n\t\t\t\t\t\t<div class=\"elementor-element elementor-element-4fc941ad elementor-widget elementor-widget-heading\" data-id=\"4fc941ad\" data-element_type=\"widget\" data-e-type=\"widget\" data-widget_type=\"heading.default\">\n\t\t\t\t<div class=\"elementor-widget-container\">\n\t\t\t\t\t<h2 class=\"elementor-heading-title elementor-size-default\">\u00bfA QU\u00c9 EST\u00c1S ESPERANDO?<\/h2>\t\t\t\t<\/div>\n\t\t\t\t<\/div>\n\t\t\t\t<div class=\"elementor-element elementor-element-36e0533f elementor-widget elementor-widget-text-editor\" data-id=\"36e0533f\" data-element_type=\"widget\" data-e-type=\"widget\" data-widget_type=\"text-editor.default\">\n\t\t\t\t<div class=\"elementor-widget-container\">\n\t\t\t\t\t\t\t\t\t<p>Disfruta de nuestra experiencia \u00fanica en Sevilla poniendo a prueba tu habilidad mental y trabajo en equipo en nuestro Escape Room de \u00abEl Enigma de Goya\u00bb<\/p>\t\t\t\t\t\t\t\t<\/div>\n\t\t\t\t<\/div>\n\t\t\t\t<div class=\"elementor-element elementor-element-5e094467 elementor-align-center elementor-widget elementor-widget-button\" data-id=\"5e094467\" data-element_type=\"widget\" data-e-type=\"widget\" data-widget_type=\"button.default\">\n\t\t\t\t<div class=\"elementor-widget-container\">\n\t\t\t\t\t\t\t\t\t<div class=\"elementor-button-wrapper\">\n\t\t\t\t\t<a class=\"elementor-button elementor-button-link elementor-size-sm\" href=\"https:\/\/reservas.cocoroom.es\/?ciudad=coco-room-sevilla&#038;juego=14439\">\n\t\t\t\t\t\t<span class=\"elementor-button-content-wrapper\">\n\t\t\t\t\t\t\t\t\t<span class=\"elementor-button-text\">Reservar<\/span>\n\t\t\t\t\t<\/span>\n\t\t\t\t\t<\/a>\n\t\t\t\t<\/div>\n\t\t\t\t\t\t\t\t<\/div>\n\t\t\t\t<\/div>\n\t\t\t\t\t<\/div>\n\t\t<\/div>\n\t\t\t\t\t<\/div>\n\t\t<\/section>\n\t\t\t\t<\/div>\n\t\t","protected":false},"excerpt":{"rendered":"<p>El Enigma de Goya DURACI\u00d3N60min DIFICULTAD6\/10 JUGADORES2-7 Escape room de Goya en Sevilla Este escape room nos traslada a Fuendetodos, al pueblo natal del magn\u00edfico pintor Francisco de Goya y Lucientes. Tu equipo de investigaci\u00f3n tendr\u00e1 que adentrarse en una misteriosa casa antigua donde tendr\u00e9is que resolver un sorprendente enigma. Por suerte, contamos con una &#8230; <a title=\"Enigma de Goya\" class=\"read-more\" href=\"https:\/\/cocoroom.es\/sevilla\/enigma-de-goya\/\" aria-label=\"Leer m\u00e1s sobre Enigma de Goya\">Leer m\u00e1s<\/a><\/p>\n","protected":false},"author":2,"featured_media":0,"parent":0,"menu_order":0,"comment_status":"closed","ping_status":"closed","template":"","meta":{"footnotes":""},"class_list":["post-450","page","type-page","status-publish"],"yoast_head":"<!-- This site is optimized with the Yoast SEO plugin v27.1.1 - https:\/\/yoast.com\/product\/yoast-seo-wordpress\/ -->\n<title>Enigma de Goya. Escape Room Sevilla | CocoRoom<\/title>\n<meta name=\"description\" content=\"Adentraros en la casa misteriosa de Goya para intentar descifrar un importante enigma que lleva sin resolverse varias siglos.. \u00bfSer\u00e9is capaz de conseguirlo?\" \/>\n<meta name=\"robots\" content=\"index, follow, max-snippet:-1, max-image-preview:large, max-video-preview:-1\" \/>\n<link rel=\"canonical\" href=\"https:\/\/cocoroom.es\/sevilla\/enigma-de-goya\/\" \/>\n<meta property=\"og:locale\" content=\"es_ES\" \/>\n<meta property=\"og:type\" content=\"article\" \/>\n<meta property=\"og:title\" content=\"Enigma de Goya. Escape Room Sevilla | CocoRoom\" \/>\n<meta property=\"og:description\" content=\"Adentraros en la casa misteriosa de Goya para intentar descifrar un importante enigma que lleva sin resolverse varias siglos.. \u00bfSer\u00e9is capaz de conseguirlo?\" \/>\n<meta property=\"og:url\" content=\"https:\/\/cocoroom.es\/sevilla\/enigma-de-goya\/\" \/>\n<meta property=\"og:site_name\" content=\"Cocoroom Sevilla\" \/>\n<meta property=\"article:modified_time\" content=\"2026-03-19T11:55:26+00:00\" \/>\n<meta name=\"twitter:card\" content=\"summary_large_image\" \/>\n<meta name=\"twitter:label1\" content=\"Tiempo de lectura\" \/>\n\t<meta name=\"twitter:data1\" content=\"1 minuto\" \/>\n<script type=\"application\/ld+json\" class=\"yoast-schema-graph\">{\"@context\":\"https:\/\/schema.org\",\"@graph\":[{\"@type\":\"WebPage\",\"@id\":\"https:\/\/cocoroom.es\/sevilla\/enigma-de-goya\/\",\"url\":\"https:\/\/cocoroom.es\/sevilla\/enigma-de-goya\/\",\"name\":\"Enigma de Goya. Escape Room Sevilla | CocoRoom\",\"isPartOf\":{\"@id\":\"https:\/\/cocoroom.es\/sevilla\/#website\"},\"datePublished\":\"2022-03-14T13:08:09+00:00\",\"dateModified\":\"2026-03-19T11:55:26+00:00\",\"description\":\"Adentraros en la casa misteriosa de Goya para intentar descifrar un importante enigma que lleva sin resolverse varias siglos.. \u00bfSer\u00e9is capaz de conseguirlo?\",\"breadcrumb\":{\"@id\":\"https:\/\/cocoroom.es\/sevilla\/enigma-de-goya\/#breadcrumb\"},\"inLanguage\":\"es\",\"potentialAction\":[{\"@type\":\"ReadAction\",\"target\":[\"https:\/\/cocoroom.es\/sevilla\/enigma-de-goya\/\"]}]},{\"@type\":\"BreadcrumbList\",\"@id\":\"https:\/\/cocoroom.es\/sevilla\/enigma-de-goya\/#breadcrumb\",\"itemListElement\":[{\"@type\":\"ListItem\",\"position\":1,\"name\":\"Portada\",\"item\":\"https:\/\/cocoroom.es\/sevilla\/\"},{\"@type\":\"ListItem\",\"position\":2,\"name\":\"Enigma de Goya\"}]},{\"@type\":\"WebSite\",\"@id\":\"https:\/\/cocoroom.es\/sevilla\/#website\",\"url\":\"https:\/\/cocoroom.es\/sevilla\/\",\"name\":\"Cocoroom Sevilla\",\"description\":\"\",\"publisher\":{\"@id\":\"https:\/\/cocoroom.es\/sevilla\/#organization\"},\"potentialAction\":[{\"@type\":\"SearchAction\",\"target\":{\"@type\":\"EntryPoint\",\"urlTemplate\":\"https:\/\/cocoroom.es\/sevilla\/?s={search_term_string}\"},\"query-input\":{\"@type\":\"PropertyValueSpecification\",\"valueRequired\":true,\"valueName\":\"search_term_string\"}}],\"inLanguage\":\"es\"},{\"@type\":\"Organization\",\"@id\":\"https:\/\/cocoroom.es\/sevilla\/#organization\",\"name\":\"Cocoroom Sevilla\",\"url\":\"https:\/\/cocoroom.es\/sevilla\/\",\"logo\":{\"@type\":\"ImageObject\",\"inLanguage\":\"es\",\"@id\":\"https:\/\/cocoroom.es\/sevilla\/#\/schema\/logo\/image\/\",\"url\":\"https:\/\/cocoroom.es\/sevilla\/wp-content\/uploads\/2022\/03\/cropped-logo-escape-room-sevilla-cocoroom.png\",\"contentUrl\":\"https:\/\/cocoroom.es\/sevilla\/wp-content\/uploads\/2022\/03\/cropped-logo-escape-room-sevilla-cocoroom.png\",\"width\":500,\"height\":185,\"caption\":\"Cocoroom Sevilla\"},\"image\":{\"@id\":\"https:\/\/cocoroom.es\/sevilla\/#\/schema\/logo\/image\/\"}}]}<\/script>\n<!-- \/ Yoast SEO plugin. -->","yoast_head_json":{"title":"Enigma de Goya. Escape Room Sevilla | CocoRoom","description":"Adentraros en la casa misteriosa de Goya para intentar descifrar un importante enigma que lleva sin resolverse varias siglos.. \u00bfSer\u00e9is capaz de conseguirlo?","robots":{"index":"index","follow":"follow","max-snippet":"max-snippet:-1","max-image-preview":"max-image-preview:large","max-video-preview":"max-video-preview:-1"},"canonical":"https:\/\/cocoroom.es\/sevilla\/enigma-de-goya\/","og_locale":"es_ES","og_type":"article","og_title":"Enigma de Goya. Escape Room Sevilla | CocoRoom","og_description":"Adentraros en la casa misteriosa de Goya para intentar descifrar un importante enigma que lleva sin resolverse varias siglos.. \u00bfSer\u00e9is capaz de conseguirlo?","og_url":"https:\/\/cocoroom.es\/sevilla\/enigma-de-goya\/","og_site_name":"Cocoroom Sevilla","article_modified_time":"2026-03-19T11:55:26+00:00","twitter_card":"summary_large_image","twitter_misc":{"Tiempo de lectura":"1 minuto"},"schema":{"@context":"https:\/\/schema.org","@graph":[{"@type":"WebPage","@id":"https:\/\/cocoroom.es\/sevilla\/enigma-de-goya\/","url":"https:\/\/cocoroom.es\/sevilla\/enigma-de-goya\/","name":"Enigma de Goya. Escape Room Sevilla | CocoRoom","isPartOf":{"@id":"https:\/\/cocoroom.es\/sevilla\/#website"},"datePublished":"2022-03-14T13:08:09+00:00","dateModified":"2026-03-19T11:55:26+00:00","description":"Adentraros en la casa misteriosa de Goya para intentar descifrar un importante enigma que lleva sin resolverse varias siglos.. \u00bfSer\u00e9is capaz de conseguirlo?","breadcrumb":{"@id":"https:\/\/cocoroom.es\/sevilla\/enigma-de-goya\/#breadcrumb"},"inLanguage":"es","potentialAction":[{"@type":"ReadAction","target":["https:\/\/cocoroom.es\/sevilla\/enigma-de-goya\/"]}]},{"@type":"BreadcrumbList","@id":"https:\/\/cocoroom.es\/sevilla\/enigma-de-goya\/#breadcrumb","itemListElement":[{"@type":"ListItem","position":1,"name":"Portada","item":"https:\/\/cocoroom.es\/sevilla\/"},{"@type":"ListItem","position":2,"name":"Enigma de Goya"}]},{"@type":"WebSite","@id":"https:\/\/cocoroom.es\/sevilla\/#website","url":"https:\/\/cocoroom.es\/sevilla\/","name":"Cocoroom Sevilla","description":"","publisher":{"@id":"https:\/\/cocoroom.es\/sevilla\/#organization"},"potentialAction":[{"@type":"SearchAction","target":{"@type":"EntryPoint","urlTemplate":"https:\/\/cocoroom.es\/sevilla\/?s={search_term_string}"},"query-input":{"@type":"PropertyValueSpecification","valueRequired":true,"valueName":"search_term_string"}}],"inLanguage":"es"},{"@type":"Organization","@id":"https:\/\/cocoroom.es\/sevilla\/#organization","name":"Cocoroom Sevilla","url":"https:\/\/cocoroom.es\/sevilla\/","logo":{"@type":"ImageObject","inLanguage":"es","@id":"https:\/\/cocoroom.es\/sevilla\/#\/schema\/logo\/image\/","url":"https:\/\/cocoroom.es\/sevilla\/wp-content\/uploads\/2022\/03\/cropped-logo-escape-room-sevilla-cocoroom.png","contentUrl":"https:\/\/cocoroom.es\/sevilla\/wp-content\/uploads\/2022\/03\/cropped-logo-escape-room-sevilla-cocoroom.png","width":500,"height":185,"caption":"Cocoroom Sevilla"},"image":{"@id":"https:\/\/cocoroom.es\/sevilla\/#\/schema\/logo\/image\/"}}]}},"_links":{"self":[{"href":"https:\/\/cocoroom.es\/sevilla\/wp-json\/wp\/v2\/pages\/450","targetHints":{"allow":["GET"]}}],"collection":[{"href":"https:\/\/cocoroom.es\/sevilla\/wp-json\/wp\/v2\/pages"}],"about":[{"href":"https:\/\/cocoroom.es\/sevilla\/wp-json\/wp\/v2\/types\/page"}],"author":[{"embeddable":true,"href":"https:\/\/cocoroom.es\/sevilla\/wp-json\/wp\/v2\/users\/2"}],"replies":[{"embeddable":true,"href":"https:\/\/cocoroom.es\/sevilla\/wp-json\/wp\/v2\/comments?post=450"}],"version-history":[{"count":56,"href":"https:\/\/cocoroom.es\/sevilla\/wp-json\/wp\/v2\/pages\/450\/revisions"}],"predecessor-version":[{"id":3072,"href":"https:\/\/cocoroom.es\/sevilla\/wp-json\/wp\/v2\/pages\/450\/revisions\/3072"}],"wp:attachment":[{"href":"https:\/\/cocoroom.es\/sevilla\/wp-json\/wp\/v2\/media?parent=450"}],"curies":[{"name":"wp","href":"https:\/\/api.w.org\/{rel}","templated":true}]}}