{"id":176,"date":"2022-03-01T11:36:53","date_gmt":"2022-03-01T11:36:53","guid":{"rendered":"http:\/\/cocoroom.es\/sevilla\/?page_id=176"},"modified":"2023-01-25T12:44:19","modified_gmt":"2023-01-25T12:44:19","slug":"contacto","status":"publish","type":"page","link":"https:\/\/cocoroom.es\/sevilla\/contacto\/","title":{"rendered":"CONTACTO"},"content":{"rendered":"\t\t<div data-elementor-type=\"wp-page\" data-elementor-id=\"176\" class=\"elementor elementor-176\" data-elementor-post-type=\"page\">\n\t\t\t\t\t\t<section class=\"elementor-section elementor-top-section elementor-element elementor-element-2f09a9dc elementor-section-stretched elementor-section-boxed elementor-section-height-default elementor-section-height-default\" data-id=\"2f09a9dc\" data-element_type=\"section\" data-e-type=\"section\" data-settings=\"{&quot;stretch_section&quot;:&quot;section-stretched&quot;,&quot;background_background&quot;:&quot;classic&quot;}\">\n\t\t\t\t\t\t<div class=\"elementor-container elementor-column-gap-default\">\n\t\t\t\t\t<div class=\"elementor-column elementor-col-100 elementor-top-column elementor-element elementor-element-3858a964\" data-id=\"3858a964\" data-element_type=\"column\" data-e-type=\"column\">\n\t\t\t<div class=\"elementor-widget-wrap elementor-element-populated\">\n\t\t\t\t\t\t<div class=\"elementor-element elementor-element-7ddda8b1 elementor-widget elementor-widget-heading\" data-id=\"7ddda8b1\" data-element_type=\"widget\" data-e-type=\"widget\" data-widget_type=\"heading.default\">\n\t\t\t\t<div class=\"elementor-widget-container\">\n\t\t\t\t\t<h1 class=\"elementor-heading-title elementor-size-default\">Contacto<br>\nCocoroom Sevilla<\/h1>\t\t\t\t<\/div>\n\t\t\t\t<\/div>\n\t\t\t\t<div class=\"elementor-element elementor-element-600f31ae elementor-widget-divider--view-line elementor-widget elementor-widget-divider\" data-id=\"600f31ae\" data-element_type=\"widget\" data-e-type=\"widget\" data-widget_type=\"divider.default\">\n\t\t\t\t<div class=\"elementor-widget-container\">\n\t\t\t\t\t\t\t<div class=\"elementor-divider\">\n\t\t\t<span class=\"elementor-divider-separator\">\n\t\t\t\t\t\t<\/span>\n\t\t<\/div>\n\t\t\t\t\t\t<\/div>\n\t\t\t\t<\/div>\n\t\t\t\t\t<\/div>\n\t\t<\/div>\n\t\t\t\t\t<\/div>\n\t\t<\/section>\n\t\t\t\t<section class=\"elementor-section elementor-top-section elementor-element elementor-element-8072451 elementor-section-boxed elementor-section-height-default elementor-section-height-default\" data-id=\"8072451\" data-element_type=\"section\" data-e-type=\"section\" data-settings=\"{&quot;background_background&quot;:&quot;classic&quot;}\">\n\t\t\t\t\t\t<div class=\"elementor-container elementor-column-gap-default\">\n\t\t\t\t\t<div class=\"elementor-column elementor-col-50 elementor-top-column elementor-element elementor-element-1ee26d9\" data-id=\"1ee26d9\" data-element_type=\"column\" data-e-type=\"column\">\n\t\t\t<div class=\"elementor-widget-wrap elementor-element-populated\">\n\t\t\t\t\t\t<div class=\"elementor-element elementor-element-a5bca87 elementor-widget elementor-widget-heading\" data-id=\"a5bca87\" data-element_type=\"widget\" data-e-type=\"widget\" data-widget_type=\"heading.default\">\n\t\t\t\t<div class=\"elementor-widget-container\">\n\t\t\t\t\t<h2 class=\"elementor-heading-title elementor-size-default\">\u00bfD\u00f3nde est\u00e1 Cocoroom Sevilla?<\/h2>\t\t\t\t<\/div>\n\t\t\t\t<\/div>\n\t\t\t\t<div class=\"elementor-element elementor-element-ff9cea8 elementor-widget-divider--view-line elementor-widget elementor-widget-divider\" data-id=\"ff9cea8\" data-element_type=\"widget\" data-e-type=\"widget\" data-widget_type=\"divider.default\">\n\t\t\t\t<div class=\"elementor-widget-container\">\n\t\t\t\t\t\t\t<div class=\"elementor-divider\">\n\t\t\t<span class=\"elementor-divider-separator\">\n\t\t\t\t\t\t<\/span>\n\t\t<\/div>\n\t\t\t\t\t\t<\/div>\n\t\t\t\t<\/div>\n\t\t\t\t<div class=\"elementor-element elementor-element-b7d63bd elementor-widget elementor-widget-heading\" data-id=\"b7d63bd\" data-element_type=\"widget\" data-e-type=\"widget\" data-widget_type=\"heading.default\">\n\t\t\t\t<div class=\"elementor-widget-container\">\n\t\t\t\t\t<h3 class=\"elementor-heading-title elementor-size-default\">Una ubicaci\u00f3n con perfectas comunicaciones<\/h3>\t\t\t\t<\/div>\n\t\t\t\t<\/div>\n\t\t\t\t<div class=\"elementor-element elementor-element-a6497dd elementor-widget elementor-widget-text-editor\" data-id=\"a6497dd\" data-element_type=\"widget\" data-e-type=\"widget\" data-widget_type=\"text-editor.default\">\n\t\t\t\t<div class=\"elementor-widget-container\">\n\t\t\t\t\t\t\t\t\t<p>Estamos en calle Mallen 8, a dos minutos del centro comercial Nervi\u00f3n Plaza, justo entre El Corte Ingl\u00e9s y la Estaci\u00f3n de Tren de Santa Justa.<\/p><p>Puedes llegar mediante transporte publico gracias a las l\u00edneas de autob\u00fas C1 y C2, mediante metro en la parada \u201cNervi\u00f3n\u201d con la l\u00ednea 1 y mediante tren y cercan\u00edas con parada en la Estaci\u00f3n de Ferrocarril Sevilla-Santa Justa.<\/p><p>Si llegas mediante coche hay un parking p\u00fablico y el Centro Comercial Nervi\u00f3n Plaza tambi\u00e9n dispone de parking.<\/p><p>Si tiene cualquier cuesti\u00f3n te atenderemos rellenando el siguiente formulario o mediante las siguientes formas de contacto:<\/p>\t\t\t\t\t\t\t\t<\/div>\n\t\t\t\t<\/div>\n\t\t\t\t\t<\/div>\n\t\t<\/div>\n\t\t\t\t<div class=\"elementor-column elementor-col-50 elementor-top-column elementor-element elementor-element-04dfa98\" data-id=\"04dfa98\" data-element_type=\"column\" data-e-type=\"column\">\n\t\t\t<div class=\"elementor-widget-wrap elementor-element-populated\">\n\t\t\t\t\t\t<div class=\"elementor-element elementor-element-c827783 elementor-tablet-align-start elementor-hidden-tablet elementor-icon-list--layout-inline elementor-list-item-link-full_width elementor-widget elementor-widget-icon-list\" data-id=\"c827783\" data-element_type=\"widget\" data-e-type=\"widget\" data-widget_type=\"icon-list.default\">\n\t\t\t\t<div class=\"elementor-widget-container\">\n\t\t\t\t\t\t\t<ul class=\"elementor-icon-list-items elementor-inline-items\">\n\t\t\t\t\t\t\t<li class=\"elementor-icon-list-item elementor-inline-item\">\n\t\t\t\t\t\t\t\t\t\t\t<a href=\"tel:+34674476380\">\n\n\t\t\t\t\t\t\t\t\t\t\t\t<span class=\"elementor-icon-list-icon\">\n\t\t\t\t\t\t\t<i aria-hidden=\"true\" class=\"fas fa-phone\"><\/i>\t\t\t\t\t\t<\/span>\n\t\t\t\t\t\t\t\t\t\t<span class=\"elementor-icon-list-text\">+34 674 476 380<\/span>\n\t\t\t\t\t\t\t\t\t\t\t<\/a>\n\t\t\t\t\t\t\t\t\t<\/li>\n\t\t\t\t\t\t\t\t<li class=\"elementor-icon-list-item elementor-inline-item\">\n\t\t\t\t\t\t\t\t\t\t\t<a href=\"mailto:sevilla@cocoroom.es\">\n\n\t\t\t\t\t\t\t\t\t\t\t\t<span class=\"elementor-icon-list-icon\">\n\t\t\t\t\t\t\t<i aria-hidden=\"true\" class=\"fas fa-envelope\"><\/i>\t\t\t\t\t\t<\/span>\n\t\t\t\t\t\t\t\t\t\t<span class=\"elementor-icon-list-text\">sevilla@cocoroom.es<\/span>\n\t\t\t\t\t\t\t\t\t\t\t<\/a>\n\t\t\t\t\t\t\t\t\t<\/li>\n\t\t\t\t\t\t\t\t<li class=\"elementor-icon-list-item elementor-inline-item\">\n\t\t\t\t\t\t\t\t\t\t\t<a href=\"https:\/\/www.google.es\/maps\/place\/Escape+Room+Sevilla+-+Coco+Room\/@37.3877498,-5.9788374,16z\/data=!4m12!1m6!3m5!1s0xd126f76cafc9787:0x8feed79ebd1cb08c!2sEscape+Room+Sevilla+-+Coco+Room!8m2!3d37.3878421!4d-5.9747625!3m4!1s0xd126f76cafc9787:0x8feed79ebd1cb08c!8m2!3d37.3878421!4d-5.9747625\">\n\n\t\t\t\t\t\t\t\t\t\t\t\t<span class=\"elementor-icon-list-icon\">\n\t\t\t\t\t\t\t<i aria-hidden=\"true\" class=\"fas fa-map-marker-alt\"><\/i>\t\t\t\t\t\t<\/span>\n\t\t\t\t\t\t\t\t\t\t<span class=\"elementor-icon-list-text\">Calle Mallen, 8, 41018 Sevilla<\/span>\n\t\t\t\t\t\t\t\t\t\t\t<\/a>\n\t\t\t\t\t\t\t\t\t<\/li>\n\t\t\t\t\t\t<\/ul>\n\t\t\t\t\t\t<\/div>\n\t\t\t\t<\/div>\n\t\t\t\t<div class=\"elementor-element elementor-element-556d2c2 elementor-widget elementor-widget-google_maps\" data-id=\"556d2c2\" data-element_type=\"widget\" data-e-type=\"widget\" data-widget_type=\"google_maps.default\">\n\t\t\t\t<div class=\"elementor-widget-container\">\n\t\t\t\t\t\t\t<div class=\"elementor-custom-embed\">\n\t\t\t<iframe loading=\"lazy\"\n\t\t\t\t\tsrc=\"https:\/\/maps.google.com\/maps?q=cocoroom%20sevilla&#038;t=m&#038;z=15&#038;output=embed&#038;iwloc=near\"\n\t\t\t\t\ttitle=\"cocoroom sevilla\"\n\t\t\t\t\taria-label=\"cocoroom sevilla\"\n\t\t\t><\/iframe>\n\t\t<\/div>\n\t\t\t\t\t\t<\/div>\n\t\t\t\t<\/div>\n\t\t\t\t\t<\/div>\n\t\t<\/div>\n\t\t\t\t\t<\/div>\n\t\t<\/section>\n\t\t\t\t<section class=\"elementor-section elementor-top-section elementor-element elementor-element-2b66129a elementor-section-stretched elementor-section-boxed elementor-section-height-default elementor-section-height-default\" data-id=\"2b66129a\" data-element_type=\"section\" data-e-type=\"section\" data-settings=\"{&quot;stretch_section&quot;:&quot;section-stretched&quot;,&quot;background_background&quot;:&quot;classic&quot;}\">\n\t\t\t\t\t\t<div class=\"elementor-container elementor-column-gap-default\">\n\t\t\t\t\t<div class=\"elementor-column elementor-col-100 elementor-top-column elementor-element elementor-element-5712aa22\" data-id=\"5712aa22\" data-element_type=\"column\" data-e-type=\"column\">\n\t\t\t<div class=\"elementor-widget-wrap elementor-element-populated\">\n\t\t\t\t\t\t<div class=\"elementor-element elementor-element-498ae6cb elementor-widget elementor-widget-heading\" data-id=\"498ae6cb\" data-element_type=\"widget\" data-e-type=\"widget\" data-widget_type=\"heading.default\">\n\t\t\t\t<div class=\"elementor-widget-container\">\n\t\t\t\t\t<h2 class=\"elementor-heading-title elementor-size-default\">\u00bfA QU\u00c9 EST\u00c1S ESPERANDO?<\/h2>\t\t\t\t<\/div>\n\t\t\t\t<\/div>\n\t\t\t\t<div class=\"elementor-element elementor-element-5cb1f993 elementor-widget elementor-widget-text-editor\" data-id=\"5cb1f993\" data-element_type=\"widget\" data-e-type=\"widget\" data-widget_type=\"text-editor.default\">\n\t\t\t\t<div class=\"elementor-widget-container\">\n\t\t\t\t\t\t\t\t\t<p>Disfruta de una experiencia \u00fanica en Sevilla poniendo a prueba tu habilidad mental y trabajo en equipo en nuestro Escape Room en Sevilla<\/p>\t\t\t\t\t\t\t\t<\/div>\n\t\t\t\t<\/div>\n\t\t\t\t<div class=\"elementor-element elementor-element-10a64e03 elementor-align-center elementor-widget elementor-widget-button\" data-id=\"10a64e03\" data-element_type=\"widget\" data-e-type=\"widget\" data-widget_type=\"button.default\">\n\t\t\t\t<div class=\"elementor-widget-container\">\n\t\t\t\t\t\t\t\t\t<div class=\"elementor-button-wrapper\">\n\t\t\t\t\t<a class=\"elementor-button elementor-button-link elementor-size-sm\" href=\"https:\/\/cocoroom.es\/sevilla\/reserva\">\n\t\t\t\t\t\t<span class=\"elementor-button-content-wrapper\">\n\t\t\t\t\t\t\t\t\t<span class=\"elementor-button-text\">Reservas Sevilla<\/span>\n\t\t\t\t\t<\/span>\n\t\t\t\t\t<\/a>\n\t\t\t\t<\/div>\n\t\t\t\t\t\t\t\t<\/div>\n\t\t\t\t<\/div>\n\t\t\t\t\t<\/div>\n\t\t<\/div>\n\t\t\t\t\t<\/div>\n\t\t<\/section>\n\t\t\t\t<section class=\"elementor-section elementor-top-section elementor-element elementor-element-477c872 elementor-section-boxed elementor-section-height-default elementor-section-height-default\" data-id=\"477c872\" data-element_type=\"section\" data-e-type=\"section\" data-settings=\"{&quot;background_background&quot;:&quot;classic&quot;}\">\n\t\t\t\t\t\t<div class=\"elementor-container elementor-column-gap-default\">\n\t\t\t\t\t<div class=\"elementor-column elementor-col-100 elementor-top-column elementor-element elementor-element-0a0e342\" data-id=\"0a0e342\" data-element_type=\"column\" data-e-type=\"column\">\n\t\t\t<div class=\"elementor-widget-wrap elementor-element-populated\">\n\t\t\t\t\t\t<section class=\"elementor-section elementor-inner-section elementor-element elementor-element-f07b57b elementor-section-boxed elementor-section-height-default elementor-section-height-default\" data-id=\"f07b57b\" data-element_type=\"section\" data-e-type=\"section\">\n\t\t\t\t\t\t<div class=\"elementor-container elementor-column-gap-default\">\n\t\t\t\t\t<div class=\"elementor-column elementor-col-33 elementor-inner-column elementor-element elementor-element-8fa5af6\" data-id=\"8fa5af6\" data-element_type=\"column\" data-e-type=\"column\">\n\t\t\t<div class=\"elementor-widget-wrap elementor-element-populated\">\n\t\t\t\t\t\t<div class=\"elementor-element elementor-element-816d9d6 elementor-absolute elementor-widget elementor-widget-image\" data-id=\"816d9d6\" data-element_type=\"widget\" data-e-type=\"widget\" data-settings=\"{&quot;_position&quot;:&quot;absolute&quot;}\" data-widget_type=\"image.default\">\n\t\t\t\t<div class=\"elementor-widget-container\">\n\t\t\t\t\t\t\t\t\t\t\t\t\t\t\t<img decoding=\"async\" width=\"200\" height=\"200\" src=\"https:\/\/cocoroom.es\/sevilla\/wp-content\/uploads\/2022\/03\/trabajo.png\" class=\"attachment-large size-large wp-image-709\" alt=\"trabaja con nosotros\" srcset=\"https:\/\/cocoroom.es\/sevilla\/wp-content\/uploads\/2022\/03\/trabajo.png 200w, https:\/\/cocoroom.es\/sevilla\/wp-content\/uploads\/2022\/03\/trabajo-100x100.png 100w, https:\/\/cocoroom.es\/sevilla\/wp-content\/uploads\/2022\/03\/trabajo-150x150.png 150w\" sizes=\"(max-width: 200px) 100vw, 200px\" \/>\t\t\t\t\t\t\t\t\t\t\t\t\t\t\t<\/div>\n\t\t\t\t<\/div>\n\t\t\t\t\t<\/div>\n\t\t<\/div>\n\t\t\t\t<div class=\"elementor-column elementor-col-33 elementor-inner-column elementor-element elementor-element-de5eef4\" data-id=\"de5eef4\" data-element_type=\"column\" data-e-type=\"column\">\n\t\t\t<div class=\"elementor-widget-wrap elementor-element-populated\">\n\t\t\t\t\t\t<div class=\"elementor-element elementor-element-02ac88f elementor-widget elementor-widget-text-editor\" data-id=\"02ac88f\" data-element_type=\"widget\" data-e-type=\"widget\" data-widget_type=\"text-editor.default\">\n\t\t\t\t<div class=\"elementor-widget-container\">\n\t\t\t\t\t\t\t\t\tSi te gusta asumir retos, trabajar en equipo\ny te apasionan los escape rooms&#8230;\n\u00a1Queremos conocerte!\t\t\t\t\t\t\t\t<\/div>\n\t\t\t\t<\/div>\n\t\t\t\t\t<\/div>\n\t\t<\/div>\n\t\t\t\t<div class=\"elementor-column elementor-col-33 elementor-inner-column elementor-element elementor-element-1134667\" data-id=\"1134667\" data-element_type=\"column\" data-e-type=\"column\">\n\t\t\t<div class=\"elementor-widget-wrap elementor-element-populated\">\n\t\t\t\t\t\t<div class=\"elementor-element elementor-element-da7360a elementor-align-center elementor-widget elementor-widget-button\" data-id=\"da7360a\" data-element_type=\"widget\" data-e-type=\"widget\" data-widget_type=\"button.default\">\n\t\t\t\t<div class=\"elementor-widget-container\">\n\t\t\t\t\t\t\t\t\t<div class=\"elementor-button-wrapper\">\n\t\t\t\t\t<a class=\"elementor-button elementor-button-link elementor-size-sm\" href=\"mailto:sevilla@cocoroom.es\">\n\t\t\t\t\t\t<span class=\"elementor-button-content-wrapper\">\n\t\t\t\t\t\t\t\t\t<span class=\"elementor-button-text\">ENVIAR CV<\/span>\n\t\t\t\t\t<\/span>\n\t\t\t\t\t<\/a>\n\t\t\t\t<\/div>\n\t\t\t\t\t\t\t\t<\/div>\n\t\t\t\t<\/div>\n\t\t\t\t\t<\/div>\n\t\t<\/div>\n\t\t\t\t\t<\/div>\n\t\t<\/section>\n\t\t\t\t\t<\/div>\n\t\t<\/div>\n\t\t\t\t\t<\/div>\n\t\t<\/section>\n\t\t\t\t<\/div>\n\t\t","protected":false},"excerpt":{"rendered":"<p>Contacto Cocoroom Sevilla \u00bfD\u00f3nde est\u00e1 Cocoroom Sevilla? Una ubicaci\u00f3n con perfectas comunicaciones Estamos en calle Mallen 8, a dos minutos del centro comercial Nervi\u00f3n Plaza, justo entre El Corte Ingl\u00e9s y la Estaci\u00f3n de Tren de Santa Justa. Puedes llegar mediante transporte publico gracias a las l\u00edneas de autob\u00fas C1 y C2, mediante metro en &#8230; <a title=\"CONTACTO\" class=\"read-more\" href=\"https:\/\/cocoroom.es\/sevilla\/contacto\/\" aria-label=\"Leer m\u00e1s sobre CONTACTO\">Leer m\u00e1s<\/a><\/p>\n","protected":false},"author":2,"featured_media":0,"parent":0,"menu_order":0,"comment_status":"closed","ping_status":"closed","template":"","meta":{"footnotes":""},"class_list":["post-176","page","type-page","status-publish"],"yoast_head":"<!-- This site is optimized with the Yoast SEO plugin v27.1.1 - https:\/\/yoast.com\/product\/yoast-seo-wordpress\/ -->\n<title>CONTACTO - Cocoroom Sevilla<\/title>\n<meta name=\"robots\" content=\"index, follow, max-snippet:-1, max-image-preview:large, max-video-preview:-1\" \/>\n<link rel=\"canonical\" href=\"https:\/\/cocoroom.es\/sevilla\/contacto\/\" \/>\n<meta property=\"og:locale\" content=\"es_ES\" \/>\n<meta property=\"og:type\" content=\"article\" \/>\n<meta property=\"og:title\" content=\"CONTACTO - Cocoroom Sevilla\" \/>\n<meta property=\"og:description\" content=\"Contacto Cocoroom Sevilla \u00bfD\u00f3nde est\u00e1 Cocoroom Sevilla? Una ubicaci\u00f3n con perfectas comunicaciones Estamos en calle Mallen 8, a dos minutos del centro comercial Nervi\u00f3n Plaza, justo entre El Corte Ingl\u00e9s y la Estaci\u00f3n de Tren de Santa Justa. Puedes llegar mediante transporte publico gracias a las l\u00edneas de autob\u00fas C1 y C2, mediante metro en ... Leer m\u00e1s\" \/>\n<meta property=\"og:url\" content=\"https:\/\/cocoroom.es\/sevilla\/contacto\/\" \/>\n<meta property=\"og:site_name\" content=\"Cocoroom Sevilla\" \/>\n<meta property=\"article:modified_time\" content=\"2023-01-25T12:44:19+00:00\" \/>\n<meta property=\"og:image\" content=\"https:\/\/cocoroom.es\/sevilla\/wp-content\/uploads\/2022\/03\/trabajo.png\" \/>\n<meta name=\"twitter:card\" content=\"summary_large_image\" \/>\n<meta name=\"twitter:label1\" content=\"Tiempo de lectura\" \/>\n\t<meta name=\"twitter:data1\" content=\"1 minuto\" \/>\n<script type=\"application\/ld+json\" class=\"yoast-schema-graph\">{\"@context\":\"https:\/\/schema.org\",\"@graph\":[{\"@type\":\"WebPage\",\"@id\":\"https:\/\/cocoroom.es\/sevilla\/contacto\/\",\"url\":\"https:\/\/cocoroom.es\/sevilla\/contacto\/\",\"name\":\"CONTACTO - Cocoroom Sevilla\",\"isPartOf\":{\"@id\":\"https:\/\/cocoroom.es\/sevilla\/#website\"},\"primaryImageOfPage\":{\"@id\":\"https:\/\/cocoroom.es\/sevilla\/contacto\/#primaryimage\"},\"image\":{\"@id\":\"https:\/\/cocoroom.es\/sevilla\/contacto\/#primaryimage\"},\"thumbnailUrl\":\"https:\/\/cocoroom.es\/sevilla\/wp-content\/uploads\/2022\/03\/trabajo.png\",\"datePublished\":\"2022-03-01T11:36:53+00:00\",\"dateModified\":\"2023-01-25T12:44:19+00:00\",\"breadcrumb\":{\"@id\":\"https:\/\/cocoroom.es\/sevilla\/contacto\/#breadcrumb\"},\"inLanguage\":\"es\",\"potentialAction\":[{\"@type\":\"ReadAction\",\"target\":[\"https:\/\/cocoroom.es\/sevilla\/contacto\/\"]}]},{\"@type\":\"ImageObject\",\"inLanguage\":\"es\",\"@id\":\"https:\/\/cocoroom.es\/sevilla\/contacto\/#primaryimage\",\"url\":\"https:\/\/cocoroom.es\/sevilla\/wp-content\/uploads\/2022\/03\/trabajo.png\",\"contentUrl\":\"https:\/\/cocoroom.es\/sevilla\/wp-content\/uploads\/2022\/03\/trabajo.png\",\"width\":200,\"height\":200,\"caption\":\"trabaja con nosotros\"},{\"@type\":\"BreadcrumbList\",\"@id\":\"https:\/\/cocoroom.es\/sevilla\/contacto\/#breadcrumb\",\"itemListElement\":[{\"@type\":\"ListItem\",\"position\":1,\"name\":\"Portada\",\"item\":\"https:\/\/cocoroom.es\/sevilla\/\"},{\"@type\":\"ListItem\",\"position\":2,\"name\":\"CONTACTO\"}]},{\"@type\":\"WebSite\",\"@id\":\"https:\/\/cocoroom.es\/sevilla\/#website\",\"url\":\"https:\/\/cocoroom.es\/sevilla\/\",\"name\":\"Cocoroom Sevilla\",\"description\":\"\",\"publisher\":{\"@id\":\"https:\/\/cocoroom.es\/sevilla\/#organization\"},\"potentialAction\":[{\"@type\":\"SearchAction\",\"target\":{\"@type\":\"EntryPoint\",\"urlTemplate\":\"https:\/\/cocoroom.es\/sevilla\/?s={search_term_string}\"},\"query-input\":{\"@type\":\"PropertyValueSpecification\",\"valueRequired\":true,\"valueName\":\"search_term_string\"}}],\"inLanguage\":\"es\"},{\"@type\":\"Organization\",\"@id\":\"https:\/\/cocoroom.es\/sevilla\/#organization\",\"name\":\"Cocoroom Sevilla\",\"url\":\"https:\/\/cocoroom.es\/sevilla\/\",\"logo\":{\"@type\":\"ImageObject\",\"inLanguage\":\"es\",\"@id\":\"https:\/\/cocoroom.es\/sevilla\/#\/schema\/logo\/image\/\",\"url\":\"https:\/\/cocoroom.es\/sevilla\/wp-content\/uploads\/2022\/03\/cropped-logo-escape-room-sevilla-cocoroom.png\",\"contentUrl\":\"https:\/\/cocoroom.es\/sevilla\/wp-content\/uploads\/2022\/03\/cropped-logo-escape-room-sevilla-cocoroom.png\",\"width\":500,\"height\":185,\"caption\":\"Cocoroom Sevilla\"},\"image\":{\"@id\":\"https:\/\/cocoroom.es\/sevilla\/#\/schema\/logo\/image\/\"}}]}<\/script>\n<!-- \/ Yoast SEO plugin. -->","yoast_head_json":{"title":"CONTACTO - Cocoroom Sevilla","robots":{"index":"index","follow":"follow","max-snippet":"max-snippet:-1","max-image-preview":"max-image-preview:large","max-video-preview":"max-video-preview:-1"},"canonical":"https:\/\/cocoroom.es\/sevilla\/contacto\/","og_locale":"es_ES","og_type":"article","og_title":"CONTACTO - Cocoroom Sevilla","og_description":"Contacto Cocoroom Sevilla \u00bfD\u00f3nde est\u00e1 Cocoroom Sevilla? Una ubicaci\u00f3n con perfectas comunicaciones Estamos en calle Mallen 8, a dos minutos del centro comercial Nervi\u00f3n Plaza, justo entre El Corte Ingl\u00e9s y la Estaci\u00f3n de Tren de Santa Justa. Puedes llegar mediante transporte publico gracias a las l\u00edneas de autob\u00fas C1 y C2, mediante metro en ... Leer m\u00e1s","og_url":"https:\/\/cocoroom.es\/sevilla\/contacto\/","og_site_name":"Cocoroom Sevilla","article_modified_time":"2023-01-25T12:44:19+00:00","og_image":[{"url":"https:\/\/cocoroom.es\/sevilla\/wp-content\/uploads\/2022\/03\/trabajo.png","type":"","width":"","height":""}],"twitter_card":"summary_large_image","twitter_misc":{"Tiempo de lectura":"1 minuto"},"schema":{"@context":"https:\/\/schema.org","@graph":[{"@type":"WebPage","@id":"https:\/\/cocoroom.es\/sevilla\/contacto\/","url":"https:\/\/cocoroom.es\/sevilla\/contacto\/","name":"CONTACTO - Cocoroom Sevilla","isPartOf":{"@id":"https:\/\/cocoroom.es\/sevilla\/#website"},"primaryImageOfPage":{"@id":"https:\/\/cocoroom.es\/sevilla\/contacto\/#primaryimage"},"image":{"@id":"https:\/\/cocoroom.es\/sevilla\/contacto\/#primaryimage"},"thumbnailUrl":"https:\/\/cocoroom.es\/sevilla\/wp-content\/uploads\/2022\/03\/trabajo.png","datePublished":"2022-03-01T11:36:53+00:00","dateModified":"2023-01-25T12:44:19+00:00","breadcrumb":{"@id":"https:\/\/cocoroom.es\/sevilla\/contacto\/#breadcrumb"},"inLanguage":"es","potentialAction":[{"@type":"ReadAction","target":["https:\/\/cocoroom.es\/sevilla\/contacto\/"]}]},{"@type":"ImageObject","inLanguage":"es","@id":"https:\/\/cocoroom.es\/sevilla\/contacto\/#primaryimage","url":"https:\/\/cocoroom.es\/sevilla\/wp-content\/uploads\/2022\/03\/trabajo.png","contentUrl":"https:\/\/cocoroom.es\/sevilla\/wp-content\/uploads\/2022\/03\/trabajo.png","width":200,"height":200,"caption":"trabaja con nosotros"},{"@type":"BreadcrumbList","@id":"https:\/\/cocoroom.es\/sevilla\/contacto\/#breadcrumb","itemListElement":[{"@type":"ListItem","position":1,"name":"Portada","item":"https:\/\/cocoroom.es\/sevilla\/"},{"@type":"ListItem","position":2,"name":"CONTACTO"}]},{"@type":"WebSite","@id":"https:\/\/cocoroom.es\/sevilla\/#website","url":"https:\/\/cocoroom.es\/sevilla\/","name":"Cocoroom Sevilla","description":"","publisher":{"@id":"https:\/\/cocoroom.es\/sevilla\/#organization"},"potentialAction":[{"@type":"SearchAction","target":{"@type":"EntryPoint","urlTemplate":"https:\/\/cocoroom.es\/sevilla\/?s={search_term_string}"},"query-input":{"@type":"PropertyValueSpecification","valueRequired":true,"valueName":"search_term_string"}}],"inLanguage":"es"},{"@type":"Organization","@id":"https:\/\/cocoroom.es\/sevilla\/#organization","name":"Cocoroom Sevilla","url":"https:\/\/cocoroom.es\/sevilla\/","logo":{"@type":"ImageObject","inLanguage":"es","@id":"https:\/\/cocoroom.es\/sevilla\/#\/schema\/logo\/image\/","url":"https:\/\/cocoroom.es\/sevilla\/wp-content\/uploads\/2022\/03\/cropped-logo-escape-room-sevilla-cocoroom.png","contentUrl":"https:\/\/cocoroom.es\/sevilla\/wp-content\/uploads\/2022\/03\/cropped-logo-escape-room-sevilla-cocoroom.png","width":500,"height":185,"caption":"Cocoroom Sevilla"},"image":{"@id":"https:\/\/cocoroom.es\/sevilla\/#\/schema\/logo\/image\/"}}]}},"_links":{"self":[{"href":"https:\/\/cocoroom.es\/sevilla\/wp-json\/wp\/v2\/pages\/176","targetHints":{"allow":["GET"]}}],"collection":[{"href":"https:\/\/cocoroom.es\/sevilla\/wp-json\/wp\/v2\/pages"}],"about":[{"href":"https:\/\/cocoroom.es\/sevilla\/wp-json\/wp\/v2\/types\/page"}],"author":[{"embeddable":true,"href":"https:\/\/cocoroom.es\/sevilla\/wp-json\/wp\/v2\/users\/2"}],"replies":[{"embeddable":true,"href":"https:\/\/cocoroom.es\/sevilla\/wp-json\/wp\/v2\/comments?post=176"}],"version-history":[{"count":13,"href":"https:\/\/cocoroom.es\/sevilla\/wp-json\/wp\/v2\/pages\/176\/revisions"}],"predecessor-version":[{"id":1410,"href":"https:\/\/cocoroom.es\/sevilla\/wp-json\/wp\/v2\/pages\/176\/revisions\/1410"}],"wp:attachment":[{"href":"https:\/\/cocoroom.es\/sevilla\/wp-json\/wp\/v2\/media?parent=176"}],"curies":[{"name":"wp","href":"https:\/\/api.w.org\/{rel}","templated":true}]}}