{"id":174,"date":"2022-03-01T11:36:43","date_gmt":"2022-03-01T11:36:43","guid":{"rendered":"http:\/\/cocoroom.es\/sevilla\/?page_id=174"},"modified":"2026-03-19T12:14:15","modified_gmt":"2026-03-19T12:14:15","slug":"bono-regalo","status":"publish","type":"page","link":"https:\/\/cocoroom.es\/sevilla\/bono-regalo\/","title":{"rendered":"BONO REGALO"},"content":{"rendered":"\t\t<div data-elementor-type=\"wp-page\" data-elementor-id=\"174\" class=\"elementor elementor-174\" data-elementor-post-type=\"page\">\n\t\t\t\t\t\t<section class=\"elementor-section elementor-top-section elementor-element elementor-element-5f2977c3 elementor-section-stretched elementor-section-boxed elementor-section-height-default elementor-section-height-default\" data-id=\"5f2977c3\" data-element_type=\"section\" data-e-type=\"section\" data-settings=\"{&quot;stretch_section&quot;:&quot;section-stretched&quot;,&quot;background_background&quot;:&quot;classic&quot;}\">\n\t\t\t\t\t\t<div class=\"elementor-container elementor-column-gap-default\">\n\t\t\t\t\t<div class=\"elementor-column elementor-col-100 elementor-top-column elementor-element elementor-element-2192cdc6\" data-id=\"2192cdc6\" data-element_type=\"column\" data-e-type=\"column\">\n\t\t\t<div class=\"elementor-widget-wrap elementor-element-populated\">\n\t\t\t\t\t\t<div class=\"elementor-element elementor-element-2286b893 elementor-widget elementor-widget-heading\" data-id=\"2286b893\" data-element_type=\"widget\" data-e-type=\"widget\" data-widget_type=\"heading.default\">\n\t\t\t\t<div class=\"elementor-widget-container\">\n\t\t\t\t\t<h1 class=\"elementor-heading-title elementor-size-default\">Tarjeta regalo\nExperiencia escape room Sevilla<\/h1>\t\t\t\t<\/div>\n\t\t\t\t<\/div>\n\t\t\t\t<div class=\"elementor-element elementor-element-13f02bb3 elementor-widget-divider--view-line elementor-widget elementor-widget-divider\" data-id=\"13f02bb3\" data-element_type=\"widget\" data-e-type=\"widget\" data-widget_type=\"divider.default\">\n\t\t\t\t<div class=\"elementor-widget-container\">\n\t\t\t\t\t\t\t<div class=\"elementor-divider\">\n\t\t\t<span class=\"elementor-divider-separator\">\n\t\t\t\t\t\t<\/span>\n\t\t<\/div>\n\t\t\t\t\t\t<\/div>\n\t\t\t\t<\/div>\n\t\t\t\t\t<\/div>\n\t\t<\/div>\n\t\t\t\t\t<\/div>\n\t\t<\/section>\n\t\t\t\t<section class=\"elementor-section elementor-top-section elementor-element elementor-element-a2af9ad elementor-section-boxed elementor-section-height-default elementor-section-height-default\" data-id=\"a2af9ad\" data-element_type=\"section\" data-e-type=\"section\" data-settings=\"{&quot;background_background&quot;:&quot;classic&quot;}\">\n\t\t\t\t\t\t<div class=\"elementor-container elementor-column-gap-default\">\n\t\t\t\t\t<div class=\"elementor-column elementor-col-50 elementor-top-column elementor-element elementor-element-f43576c\" data-id=\"f43576c\" data-element_type=\"column\" data-e-type=\"column\">\n\t\t\t<div class=\"elementor-widget-wrap elementor-element-populated\">\n\t\t\t\t\t\t<div class=\"elementor-element elementor-element-f10ad94 elementor-widget elementor-widget-heading\" data-id=\"f10ad94\" data-element_type=\"widget\" data-e-type=\"widget\" data-widget_type=\"heading.default\">\n\t\t\t\t<div class=\"elementor-widget-container\">\n\t\t\t\t\t<h2 class=\"elementor-heading-title elementor-size-default\">Regala una experiencia COCO ROOM inolvidable\n<\/h2>\t\t\t\t<\/div>\n\t\t\t\t<\/div>\n\t\t\t\t<div class=\"elementor-element elementor-element-5bc552b elementor-widget-divider--view-line elementor-widget elementor-widget-divider\" data-id=\"5bc552b\" data-element_type=\"widget\" data-e-type=\"widget\" data-widget_type=\"divider.default\">\n\t\t\t\t<div class=\"elementor-widget-container\">\n\t\t\t\t\t\t\t<div class=\"elementor-divider\">\n\t\t\t<span class=\"elementor-divider-separator\">\n\t\t\t\t\t\t<\/span>\n\t\t<\/div>\n\t\t\t\t\t\t<\/div>\n\t\t\t\t<\/div>\n\t\t\t\t<div class=\"elementor-element elementor-element-678af59 elementor-widget elementor-widget-heading\" data-id=\"678af59\" data-element_type=\"widget\" data-e-type=\"widget\" data-widget_type=\"heading.default\">\n\t\t\t\t<div class=\"elementor-widget-container\">\n\t\t\t\t\t<h3 class=\"elementor-heading-title elementor-size-default\">Regala una experiencia escapista sin caducidad<\/h3>\t\t\t\t<\/div>\n\t\t\t\t<\/div>\n\t\t\t\t<div class=\"elementor-element elementor-element-859fb57 elementor-widget elementor-widget-text-editor\" data-id=\"859fb57\" data-element_type=\"widget\" data-e-type=\"widget\" data-widget_type=\"text-editor.default\">\n\t\t\t\t<div class=\"elementor-widget-container\">\n\t\t\t\t\t\t\t\t\t<p>\u00bfEst\u00e1s buscando una opci\u00f3n de regalo original en Sevilla? Ahora con nuestros bono regalos de sesiones de escape podr\u00e1s regalar experiencia en nuestro escape room en Sevilla para los participantes que desees.<\/p><p>Elige el n\u00famero de participantes y entr\u00e9gale nuestra caja secreta en la que oculta el c\u00f3digo que le dar\u00e1 opci\u00f3n para elegir la experiencia, d\u00eda y hora que desee \u00a1SIN CADUCIDAD!<br \/><br \/>Mejor y m\u00e1s sencillo, imposible.<\/p>\t\t\t\t\t\t\t\t<\/div>\n\t\t\t\t<\/div>\n\t\t\t\t<div class=\"elementor-element elementor-element-25a0e2e elementor-icon-list--layout-inline elementor-align-start elementor-mobile-align-center elementor-tablet-align-center elementor-list-item-link-full_width elementor-widget elementor-widget-icon-list\" data-id=\"25a0e2e\" data-element_type=\"widget\" data-e-type=\"widget\" data-widget_type=\"icon-list.default\">\n\t\t\t\t<div class=\"elementor-widget-container\">\n\t\t\t\t\t\t\t<ul class=\"elementor-icon-list-items elementor-inline-items\">\n\t\t\t\t\t\t\t<li class=\"elementor-icon-list-item elementor-inline-item\">\n\t\t\t\t\t\t\t\t\t\t\t<a href=\"tel:+34674476380\">\n\n\t\t\t\t\t\t\t\t\t\t\t\t<span class=\"elementor-icon-list-icon\">\n\t\t\t\t\t\t\t<i aria-hidden=\"true\" class=\"fas fa-phone\"><\/i>\t\t\t\t\t\t<\/span>\n\t\t\t\t\t\t\t\t\t\t<span class=\"elementor-icon-list-text\">674 476 380<\/span>\n\t\t\t\t\t\t\t\t\t\t\t<\/a>\n\t\t\t\t\t\t\t\t\t<\/li>\n\t\t\t\t\t\t\t\t<li class=\"elementor-icon-list-item elementor-inline-item\">\n\t\t\t\t\t\t\t\t\t\t\t<span class=\"elementor-icon-list-icon\">\n\t\t\t\t\t\t\t<i aria-hidden=\"true\" class=\"far fa-calendar-alt\"><\/i>\t\t\t\t\t\t<\/span>\n\t\t\t\t\t\t\t\t\t\t<span class=\"elementor-icon-list-text\">Horario de atenci\u00f3n al cliente: 10:00 a 22:00<\/span>\n\t\t\t\t\t\t\t\t\t<\/li>\n\t\t\t\t\t\t<\/ul>\n\t\t\t\t\t\t<\/div>\n\t\t\t\t<\/div>\n\t\t\t\t\t<\/div>\n\t\t<\/div>\n\t\t\t\t<div class=\"elementor-column elementor-col-50 elementor-top-column elementor-element elementor-element-b73dd0a\" data-id=\"b73dd0a\" data-element_type=\"column\" data-e-type=\"column\">\n\t\t\t<div class=\"elementor-widget-wrap elementor-element-populated\">\n\t\t\t\t\t\t<div class=\"elementor-element elementor-element-cfcda14 elementor-widget elementor-widget-image\" data-id=\"cfcda14\" data-element_type=\"widget\" data-e-type=\"widget\" data-widget_type=\"image.default\">\n\t\t\t\t<div class=\"elementor-widget-container\">\n\t\t\t\t\t\t\t\t\t\t\t\t\t\t\t<img fetchpriority=\"high\" decoding=\"async\" width=\"600\" height=\"422\" src=\"https:\/\/cocoroom.es\/sevilla\/wp-content\/uploads\/2022\/03\/bono-regalo-SEVILLA-cocoroom.jpg\" class=\"attachment-large size-large wp-image-677\" alt=\"bono regalo sevilla en cocoroom\" srcset=\"https:\/\/cocoroom.es\/sevilla\/wp-content\/uploads\/2022\/03\/bono-regalo-SEVILLA-cocoroom.jpg 600w, https:\/\/cocoroom.es\/sevilla\/wp-content\/uploads\/2022\/03\/bono-regalo-SEVILLA-cocoroom-300x211.jpg 300w\" sizes=\"(max-width: 600px) 100vw, 600px\" \/>\t\t\t\t\t\t\t\t\t\t\t\t\t\t\t<\/div>\n\t\t\t\t<\/div>\n\t\t\t\t\t<\/div>\n\t\t<\/div>\n\t\t\t\t\t<\/div>\n\t\t<\/section>\n\t\t\t\t<section class=\"elementor-section elementor-top-section elementor-element elementor-element-2f245549 elementor-section-stretched elementor-section-boxed elementor-section-height-default elementor-section-height-default\" data-id=\"2f245549\" data-element_type=\"section\" data-e-type=\"section\" data-settings=\"{&quot;stretch_section&quot;:&quot;section-stretched&quot;,&quot;background_background&quot;:&quot;classic&quot;}\">\n\t\t\t\t\t\t<div class=\"elementor-container elementor-column-gap-default\">\n\t\t\t\t\t<div class=\"elementor-column elementor-col-100 elementor-top-column elementor-element elementor-element-37eed4f5\" data-id=\"37eed4f5\" data-element_type=\"column\" data-e-type=\"column\">\n\t\t\t<div class=\"elementor-widget-wrap elementor-element-populated\">\n\t\t\t\t\t\t<div class=\"elementor-element elementor-element-20f10616 elementor-widget elementor-widget-heading\" data-id=\"20f10616\" data-element_type=\"widget\" data-e-type=\"widget\" data-widget_type=\"heading.default\">\n\t\t\t\t<div class=\"elementor-widget-container\">\n\t\t\t\t\t<h2 class=\"elementor-heading-title elementor-size-default\">\u00bfA QU\u00c9 EST\u00c1S ESPERANDO?<\/h2>\t\t\t\t<\/div>\n\t\t\t\t<\/div>\n\t\t\t\t<div class=\"elementor-element elementor-element-2f2594e2 elementor-widget elementor-widget-text-editor\" data-id=\"2f2594e2\" data-element_type=\"widget\" data-e-type=\"widget\" data-widget_type=\"text-editor.default\">\n\t\t\t\t<div class=\"elementor-widget-container\">\n\t\t\t\t\t\t\t\t\t<p>Disfruta de una experiencia \u00fanica en Sevilla poniendo a prueba tu habilidad mental y trabajo en equipo en nuestro Escape Room en Sevilla<\/p>\t\t\t\t\t\t\t\t<\/div>\n\t\t\t\t<\/div>\n\t\t\t\t<div class=\"elementor-element elementor-element-5b07eeb8 elementor-align-center elementor-widget elementor-widget-button\" data-id=\"5b07eeb8\" data-element_type=\"widget\" data-e-type=\"widget\" data-widget_type=\"button.default\">\n\t\t\t\t<div class=\"elementor-widget-container\">\n\t\t\t\t\t\t\t\t\t<div class=\"elementor-button-wrapper\">\n\t\t\t\t\t<a class=\"elementor-button elementor-button-link elementor-size-sm\" href=\"https:\/\/reservas.cocoroom.es\/?ciudad=coco-room-sevilla\">\n\t\t\t\t\t\t<span class=\"elementor-button-content-wrapper\">\n\t\t\t\t\t\t\t\t\t<span class=\"elementor-button-text\">Reservas Sevilla<\/span>\n\t\t\t\t\t<\/span>\n\t\t\t\t\t<\/a>\n\t\t\t\t<\/div>\n\t\t\t\t\t\t\t\t<\/div>\n\t\t\t\t<\/div>\n\t\t\t\t\t<\/div>\n\t\t<\/div>\n\t\t\t\t\t<\/div>\n\t\t<\/section>\n\t\t\t\t<\/div>\n\t\t","protected":false},"excerpt":{"rendered":"<p>Tarjeta regalo Experiencia escape room Sevilla Regala una experiencia COCO ROOM inolvidable Regala una experiencia escapista sin caducidad \u00bfEst\u00e1s buscando una opci\u00f3n de regalo original en Sevilla? Ahora con nuestros bono regalos de sesiones de escape podr\u00e1s regalar experiencia en nuestro escape room en Sevilla para los participantes que desees. Elige el n\u00famero de participantes &#8230; <a title=\"BONO REGALO\" class=\"read-more\" href=\"https:\/\/cocoroom.es\/sevilla\/bono-regalo\/\" aria-label=\"Leer m\u00e1s sobre BONO REGALO\">Leer m\u00e1s<\/a><\/p>\n","protected":false},"author":2,"featured_media":0,"parent":0,"menu_order":0,"comment_status":"closed","ping_status":"closed","template":"","meta":{"footnotes":""},"class_list":["post-174","page","type-page","status-publish"],"yoast_head":"<!-- This site is optimized with the Yoast SEO plugin v27.1.1 - https:\/\/yoast.com\/product\/yoast-seo-wordpress\/ -->\n<title>Tarjeta Regalo Escape Room Sevilla | CocoRoom | Bono Experiencia<\/title>\n<meta name=\"description\" content=\"Elije una de las ideas para regalar m\u00e1s originales con una de nuestras tarjetas de regalo de CocoRoom. Aventuras de Escape Room inolvidables.\" \/>\n<meta name=\"robots\" content=\"index, follow, max-snippet:-1, max-image-preview:large, max-video-preview:-1\" \/>\n<link rel=\"canonical\" href=\"https:\/\/cocoroom.es\/sevilla\/bono-regalo\/\" \/>\n<meta property=\"og:locale\" content=\"es_ES\" \/>\n<meta property=\"og:type\" content=\"article\" \/>\n<meta property=\"og:title\" content=\"Tarjeta Regalo Escape Room Sevilla | CocoRoom | Bono Experiencia\" \/>\n<meta property=\"og:description\" content=\"Elije una de las ideas para regalar m\u00e1s originales con una de nuestras tarjetas de regalo de CocoRoom. Aventuras de Escape Room inolvidables.\" \/>\n<meta property=\"og:url\" content=\"https:\/\/cocoroom.es\/sevilla\/bono-regalo\/\" \/>\n<meta property=\"og:site_name\" content=\"Cocoroom Sevilla\" \/>\n<meta property=\"article:modified_time\" content=\"2026-03-19T12:14:15+00:00\" \/>\n<meta property=\"og:image\" content=\"https:\/\/cocoroom.es\/sevilla\/wp-content\/uploads\/2022\/03\/bono-regalo-SEVILLA-cocoroom.jpg\" \/>\n\t<meta property=\"og:image:width\" content=\"600\" \/>\n\t<meta property=\"og:image:height\" content=\"422\" \/>\n\t<meta property=\"og:image:type\" content=\"image\/jpeg\" \/>\n<meta name=\"twitter:card\" content=\"summary_large_image\" \/>\n<meta name=\"twitter:label1\" content=\"Tiempo de lectura\" \/>\n\t<meta name=\"twitter:data1\" content=\"1 minuto\" \/>\n<script type=\"application\/ld+json\" class=\"yoast-schema-graph\">{\"@context\":\"https:\/\/schema.org\",\"@graph\":[{\"@type\":\"WebPage\",\"@id\":\"https:\/\/cocoroom.es\/sevilla\/bono-regalo\/\",\"url\":\"https:\/\/cocoroom.es\/sevilla\/bono-regalo\/\",\"name\":\"Tarjeta Regalo Escape Room Sevilla | CocoRoom | Bono Experiencia\",\"isPartOf\":{\"@id\":\"https:\/\/cocoroom.es\/sevilla\/#website\"},\"primaryImageOfPage\":{\"@id\":\"https:\/\/cocoroom.es\/sevilla\/bono-regalo\/#primaryimage\"},\"image\":{\"@id\":\"https:\/\/cocoroom.es\/sevilla\/bono-regalo\/#primaryimage\"},\"thumbnailUrl\":\"https:\/\/cocoroom.es\/sevilla\/wp-content\/uploads\/2022\/03\/bono-regalo-SEVILLA-cocoroom.jpg\",\"datePublished\":\"2022-03-01T11:36:43+00:00\",\"dateModified\":\"2026-03-19T12:14:15+00:00\",\"description\":\"Elije una de las ideas para regalar m\u00e1s originales con una de nuestras tarjetas de regalo de CocoRoom. Aventuras de Escape Room inolvidables.\",\"breadcrumb\":{\"@id\":\"https:\/\/cocoroom.es\/sevilla\/bono-regalo\/#breadcrumb\"},\"inLanguage\":\"es\",\"potentialAction\":[{\"@type\":\"ReadAction\",\"target\":[\"https:\/\/cocoroom.es\/sevilla\/bono-regalo\/\"]}]},{\"@type\":\"ImageObject\",\"inLanguage\":\"es\",\"@id\":\"https:\/\/cocoroom.es\/sevilla\/bono-regalo\/#primaryimage\",\"url\":\"https:\/\/cocoroom.es\/sevilla\/wp-content\/uploads\/2022\/03\/bono-regalo-SEVILLA-cocoroom.jpg\",\"contentUrl\":\"https:\/\/cocoroom.es\/sevilla\/wp-content\/uploads\/2022\/03\/bono-regalo-SEVILLA-cocoroom.jpg\",\"width\":600,\"height\":422,\"caption\":\"bono regalo sevilla en cocoroom\"},{\"@type\":\"BreadcrumbList\",\"@id\":\"https:\/\/cocoroom.es\/sevilla\/bono-regalo\/#breadcrumb\",\"itemListElement\":[{\"@type\":\"ListItem\",\"position\":1,\"name\":\"Portada\",\"item\":\"https:\/\/cocoroom.es\/sevilla\/\"},{\"@type\":\"ListItem\",\"position\":2,\"name\":\"BONO REGALO\"}]},{\"@type\":\"WebSite\",\"@id\":\"https:\/\/cocoroom.es\/sevilla\/#website\",\"url\":\"https:\/\/cocoroom.es\/sevilla\/\",\"name\":\"Cocoroom Sevilla\",\"description\":\"\",\"publisher\":{\"@id\":\"https:\/\/cocoroom.es\/sevilla\/#organization\"},\"potentialAction\":[{\"@type\":\"SearchAction\",\"target\":{\"@type\":\"EntryPoint\",\"urlTemplate\":\"https:\/\/cocoroom.es\/sevilla\/?s={search_term_string}\"},\"query-input\":{\"@type\":\"PropertyValueSpecification\",\"valueRequired\":true,\"valueName\":\"search_term_string\"}}],\"inLanguage\":\"es\"},{\"@type\":\"Organization\",\"@id\":\"https:\/\/cocoroom.es\/sevilla\/#organization\",\"name\":\"Cocoroom Sevilla\",\"url\":\"https:\/\/cocoroom.es\/sevilla\/\",\"logo\":{\"@type\":\"ImageObject\",\"inLanguage\":\"es\",\"@id\":\"https:\/\/cocoroom.es\/sevilla\/#\/schema\/logo\/image\/\",\"url\":\"https:\/\/cocoroom.es\/sevilla\/wp-content\/uploads\/2022\/03\/cropped-logo-escape-room-sevilla-cocoroom.png\",\"contentUrl\":\"https:\/\/cocoroom.es\/sevilla\/wp-content\/uploads\/2022\/03\/cropped-logo-escape-room-sevilla-cocoroom.png\",\"width\":500,\"height\":185,\"caption\":\"Cocoroom Sevilla\"},\"image\":{\"@id\":\"https:\/\/cocoroom.es\/sevilla\/#\/schema\/logo\/image\/\"}}]}<\/script>\n<!-- \/ Yoast SEO plugin. -->","yoast_head_json":{"title":"Tarjeta Regalo Escape Room Sevilla | CocoRoom | Bono Experiencia","description":"Elije una de las ideas para regalar m\u00e1s originales con una de nuestras tarjetas de regalo de CocoRoom. Aventuras de Escape Room inolvidables.","robots":{"index":"index","follow":"follow","max-snippet":"max-snippet:-1","max-image-preview":"max-image-preview:large","max-video-preview":"max-video-preview:-1"},"canonical":"https:\/\/cocoroom.es\/sevilla\/bono-regalo\/","og_locale":"es_ES","og_type":"article","og_title":"Tarjeta Regalo Escape Room Sevilla | CocoRoom | Bono Experiencia","og_description":"Elije una de las ideas para regalar m\u00e1s originales con una de nuestras tarjetas de regalo de CocoRoom. Aventuras de Escape Room inolvidables.","og_url":"https:\/\/cocoroom.es\/sevilla\/bono-regalo\/","og_site_name":"Cocoroom Sevilla","article_modified_time":"2026-03-19T12:14:15+00:00","og_image":[{"width":600,"height":422,"url":"https:\/\/cocoroom.es\/sevilla\/wp-content\/uploads\/2022\/03\/bono-regalo-SEVILLA-cocoroom.jpg","type":"image\/jpeg"}],"twitter_card":"summary_large_image","twitter_misc":{"Tiempo de lectura":"1 minuto"},"schema":{"@context":"https:\/\/schema.org","@graph":[{"@type":"WebPage","@id":"https:\/\/cocoroom.es\/sevilla\/bono-regalo\/","url":"https:\/\/cocoroom.es\/sevilla\/bono-regalo\/","name":"Tarjeta Regalo Escape Room Sevilla | CocoRoom | Bono Experiencia","isPartOf":{"@id":"https:\/\/cocoroom.es\/sevilla\/#website"},"primaryImageOfPage":{"@id":"https:\/\/cocoroom.es\/sevilla\/bono-regalo\/#primaryimage"},"image":{"@id":"https:\/\/cocoroom.es\/sevilla\/bono-regalo\/#primaryimage"},"thumbnailUrl":"https:\/\/cocoroom.es\/sevilla\/wp-content\/uploads\/2022\/03\/bono-regalo-SEVILLA-cocoroom.jpg","datePublished":"2022-03-01T11:36:43+00:00","dateModified":"2026-03-19T12:14:15+00:00","description":"Elije una de las ideas para regalar m\u00e1s originales con una de nuestras tarjetas de regalo de CocoRoom. Aventuras de Escape Room inolvidables.","breadcrumb":{"@id":"https:\/\/cocoroom.es\/sevilla\/bono-regalo\/#breadcrumb"},"inLanguage":"es","potentialAction":[{"@type":"ReadAction","target":["https:\/\/cocoroom.es\/sevilla\/bono-regalo\/"]}]},{"@type":"ImageObject","inLanguage":"es","@id":"https:\/\/cocoroom.es\/sevilla\/bono-regalo\/#primaryimage","url":"https:\/\/cocoroom.es\/sevilla\/wp-content\/uploads\/2022\/03\/bono-regalo-SEVILLA-cocoroom.jpg","contentUrl":"https:\/\/cocoroom.es\/sevilla\/wp-content\/uploads\/2022\/03\/bono-regalo-SEVILLA-cocoroom.jpg","width":600,"height":422,"caption":"bono regalo sevilla en cocoroom"},{"@type":"BreadcrumbList","@id":"https:\/\/cocoroom.es\/sevilla\/bono-regalo\/#breadcrumb","itemListElement":[{"@type":"ListItem","position":1,"name":"Portada","item":"https:\/\/cocoroom.es\/sevilla\/"},{"@type":"ListItem","position":2,"name":"BONO REGALO"}]},{"@type":"WebSite","@id":"https:\/\/cocoroom.es\/sevilla\/#website","url":"https:\/\/cocoroom.es\/sevilla\/","name":"Cocoroom Sevilla","description":"","publisher":{"@id":"https:\/\/cocoroom.es\/sevilla\/#organization"},"potentialAction":[{"@type":"SearchAction","target":{"@type":"EntryPoint","urlTemplate":"https:\/\/cocoroom.es\/sevilla\/?s={search_term_string}"},"query-input":{"@type":"PropertyValueSpecification","valueRequired":true,"valueName":"search_term_string"}}],"inLanguage":"es"},{"@type":"Organization","@id":"https:\/\/cocoroom.es\/sevilla\/#organization","name":"Cocoroom Sevilla","url":"https:\/\/cocoroom.es\/sevilla\/","logo":{"@type":"ImageObject","inLanguage":"es","@id":"https:\/\/cocoroom.es\/sevilla\/#\/schema\/logo\/image\/","url":"https:\/\/cocoroom.es\/sevilla\/wp-content\/uploads\/2022\/03\/cropped-logo-escape-room-sevilla-cocoroom.png","contentUrl":"https:\/\/cocoroom.es\/sevilla\/wp-content\/uploads\/2022\/03\/cropped-logo-escape-room-sevilla-cocoroom.png","width":500,"height":185,"caption":"Cocoroom Sevilla"},"image":{"@id":"https:\/\/cocoroom.es\/sevilla\/#\/schema\/logo\/image\/"}}]}},"_links":{"self":[{"href":"https:\/\/cocoroom.es\/sevilla\/wp-json\/wp\/v2\/pages\/174","targetHints":{"allow":["GET"]}}],"collection":[{"href":"https:\/\/cocoroom.es\/sevilla\/wp-json\/wp\/v2\/pages"}],"about":[{"href":"https:\/\/cocoroom.es\/sevilla\/wp-json\/wp\/v2\/types\/page"}],"author":[{"embeddable":true,"href":"https:\/\/cocoroom.es\/sevilla\/wp-json\/wp\/v2\/users\/2"}],"replies":[{"embeddable":true,"href":"https:\/\/cocoroom.es\/sevilla\/wp-json\/wp\/v2\/comments?post=174"}],"version-history":[{"count":29,"href":"https:\/\/cocoroom.es\/sevilla\/wp-json\/wp\/v2\/pages\/174\/revisions"}],"predecessor-version":[{"id":3088,"href":"https:\/\/cocoroom.es\/sevilla\/wp-json\/wp\/v2\/pages\/174\/revisions\/3088"}],"wp:attachment":[{"href":"https:\/\/cocoroom.es\/sevilla\/wp-json\/wp\/v2\/media?parent=174"}],"curies":[{"name":"wp","href":"https:\/\/api.w.org\/{rel}","templated":true}]}}