{"id":1376,"date":"2023-01-25T09:45:57","date_gmt":"2023-01-25T09:45:57","guid":{"rendered":"https:\/\/cocoroom.es\/sevilla\/?page_id=1376"},"modified":"2026-03-19T11:56:12","modified_gmt":"2026-03-19T11:56:12","slug":"el-profesor","status":"publish","type":"page","link":"https:\/\/cocoroom.es\/sevilla\/el-profesor\/","title":{"rendered":"El Profesor"},"content":{"rendered":"\t\t<div data-elementor-type=\"wp-page\" data-elementor-id=\"1376\" class=\"elementor elementor-1376\" data-elementor-post-type=\"page\">\n\t\t\t\t\t\t<section class=\"elementor-section elementor-top-section elementor-element elementor-element-1dbd2345 elementor-section-stretched elementor-section-boxed elementor-section-height-default elementor-section-height-default\" data-id=\"1dbd2345\" data-element_type=\"section\" data-e-type=\"section\" data-settings=\"{&quot;stretch_section&quot;:&quot;section-stretched&quot;,&quot;background_background&quot;:&quot;classic&quot;}\">\n\t\t\t\t\t\t\t<div class=\"elementor-background-overlay\"><\/div>\n\t\t\t\t\t\t\t<div class=\"elementor-container elementor-column-gap-default\">\n\t\t\t\t\t<div class=\"elementor-column elementor-col-50 elementor-top-column elementor-element elementor-element-5f687b76\" data-id=\"5f687b76\" data-element_type=\"column\" data-e-type=\"column\">\n\t\t\t<div class=\"elementor-widget-wrap elementor-element-populated\">\n\t\t\t\t\t\t<div class=\"elementor-element elementor-element-17973f29 elementor-widget elementor-widget-heading\" data-id=\"17973f29\" data-element_type=\"widget\" data-e-type=\"widget\" data-widget_type=\"heading.default\">\n\t\t\t\t<div class=\"elementor-widget-container\">\n\t\t\t\t\t<h1 class=\"elementor-heading-title elementor-size-default\">El Profesor<\/h1>\t\t\t\t<\/div>\n\t\t\t\t<\/div>\n\t\t\t\t<div class=\"elementor-element elementor-element-55a29b83 elementor-widget-divider--view-line elementor-widget elementor-widget-divider\" data-id=\"55a29b83\" data-element_type=\"widget\" data-e-type=\"widget\" data-widget_type=\"divider.default\">\n\t\t\t\t<div class=\"elementor-widget-container\">\n\t\t\t\t\t\t\t<div class=\"elementor-divider\">\n\t\t\t<span class=\"elementor-divider-separator\">\n\t\t\t\t\t\t<\/span>\n\t\t<\/div>\n\t\t\t\t\t\t<\/div>\n\t\t\t\t<\/div>\n\t\t\t\t<div class=\"elementor-element elementor-element-5b84198b elementor-widget elementor-widget-text-editor\" data-id=\"5b84198b\" data-element_type=\"widget\" data-e-type=\"widget\" data-widget_type=\"text-editor.default\">\n\t\t\t\t<div class=\"elementor-widget-container\">\n\t\t\t\t\t\t\t\t\t<p>DURACI\u00d3N<br><strong>90min<\/strong><\/p>\n<p>DIFICULTAD<br><strong>8\/10<\/strong><\/p>\n<p>JUGADORES<br><strong>12-30 \/ Combate<\/strong><\/p>\t\t\t\t\t\t\t\t<\/div>\n\t\t\t\t<\/div>\n\t\t\t\t\t<\/div>\n\t\t<\/div>\n\t\t\t\t<div class=\"elementor-column elementor-col-50 elementor-top-column elementor-element elementor-element-a12e5de\" data-id=\"a12e5de\" data-element_type=\"column\" data-e-type=\"column\">\n\t\t\t<div class=\"elementor-widget-wrap\">\n\t\t\t\t\t\t\t<\/div>\n\t\t<\/div>\n\t\t\t\t\t<\/div>\n\t\t<\/section>\n\t\t\t\t<section class=\"elementor-section elementor-top-section elementor-element elementor-element-1f3a1d28 elementor-section-boxed elementor-section-height-default elementor-section-height-default\" data-id=\"1f3a1d28\" data-element_type=\"section\" data-e-type=\"section\" data-settings=\"{&quot;background_background&quot;:&quot;classic&quot;}\">\n\t\t\t\t\t\t<div class=\"elementor-container elementor-column-gap-default\">\n\t\t\t\t\t<div class=\"elementor-column elementor-col-50 elementor-top-column elementor-element elementor-element-2ba281ea\" data-id=\"2ba281ea\" data-element_type=\"column\" data-e-type=\"column\">\n\t\t\t<div class=\"elementor-widget-wrap elementor-element-populated\">\n\t\t\t\t\t\t<div class=\"elementor-element elementor-element-4c15a660 elementor-view-framed elementor-position-inline-start elementor-shape-circle elementor-mobile-position-block-start elementor-widget elementor-widget-icon-box\" data-id=\"4c15a660\" data-element_type=\"widget\" data-e-type=\"widget\" data-widget_type=\"icon-box.default\">\n\t\t\t\t<div class=\"elementor-widget-container\">\n\t\t\t\t\t\t\t<div class=\"elementor-icon-box-wrapper\">\n\n\t\t\t\t\t\t<div class=\"elementor-icon-box-icon\">\n\t\t\t\t<span  class=\"elementor-icon\">\n\t\t\t\t<svg xmlns=\"http:\/\/www.w3.org\/2000\/svg\" xmlns:xlink=\"http:\/\/www.w3.org\/1999\/xlink\" id=\"Capa_1\" x=\"0px\" y=\"0px\" width=\"300px\" height=\"300px\" viewBox=\"0 0 300 300\" xml:space=\"preserve\"><path fill=\"#141414\" d=\"M282.513,203.963c4.791-1.6,7.887-6.015,7.887-11.236s-3.097-9.636-7.885-11.236l-1.61-0.545V119.05 l1.61-0.54c4.788-1.605,7.885-6.02,7.885-11.236c0-6.778-5.108-11.885-11.881-11.885h-78.645L177.55,33.533 c-1.021-2.715-3.815-4.608-6.8-4.608H26.903c-3.934,0-7.134,3.201-7.134,7.134v59.432l-1.608,0.545 c-4.791,1.6-7.887,6.015-7.887,11.236c0,5.222,3.096,9.636,7.887,11.236l1.608,0.54v61.895l-1.608,0.545 c-4.791,1.6-7.887,6.015-7.887,11.236s3.096,9.636,7.885,11.236l1.61,0.545v61.791h-7.784c-1.538,0-2.386,0.847-2.386,2.388 s0.847,2.388,2.386,2.388h276.027c1.541,0,2.388-0.847,2.388-2.388s-0.847-2.388-2.388-2.388h-7.107v-61.791L282.513,203.963z  M233.43,235.453c0-6.54,5.318-11.856,11.856-11.856c6.537,0,11.856,5.316,11.856,11.856v30.846H233.43V235.453z M185.958,235.453 c0-6.54,5.319-11.856,11.856-11.856c6.535,0,11.853,5.316,11.853,11.856v30.846h-23.709V235.453z M138.48,235.453 c0-6.54,5.318-11.856,11.858-11.856c6.535,0,11.853,5.316,11.853,11.856v30.846H138.48V235.453z M91.008,235.453 c0-6.54,5.318-11.856,11.853-11.856c6.54,0,11.858,5.316,11.858,11.856v30.846H91.008V235.453z M43.533,235.453 c0-6.54,5.318-11.856,11.856-11.856c6.535,0,11.853,5.316,11.853,11.856v30.846H43.533V235.453z M245.286,218.826 c-9.171,0-16.629,7.456-16.629,16.627v30.846H214.44v-30.846c0-9.171-7.459-16.627-16.627-16.627 c-9.171,0-16.632,7.456-16.632,16.627v30.846h-14.214v-30.846c0-9.171-7.459-16.627-16.629-16.627 c-9.171,0-16.632,7.456-16.632,16.627v30.846h-14.214v-30.846c0-9.171-7.461-16.627-16.632-16.627 c-9.17,0-16.629,7.456-16.629,16.627v30.846H72.018v-30.846c0-9.171-7.459-16.627-16.629-16.627s-16.629,7.456-16.629,16.627v30.846 H24.543v-61.687h251.587v61.687h-14.214v-30.846C261.915,226.282,254.457,218.826,245.286,218.826z M138.48,64.547 c0-6.54,5.318-11.856,11.858-11.856c6.537,0,11.856,5.316,11.856,11.856v30.841H138.48V64.547z M91.008,64.547 c0-6.54,5.318-11.856,11.853-11.856c6.54,0,11.858,5.316,11.858,11.856v30.841H91.008V64.547z M43.533,64.547 c0-6.54,5.318-11.856,11.856-11.856c6.535,0,11.853,5.316,11.853,11.856v30.841H43.533V64.547z M150.338,47.916 c-9.171,0-16.632,7.461-16.632,16.632v30.841h-14.214V64.547c0-9.171-7.461-16.632-16.632-16.632 c-9.17,0-16.629,7.461-16.629,16.632v30.841H72.018V64.547c0-9.171-7.459-16.632-16.629-16.632s-16.629,7.461-16.629,16.632v30.841 H24.543V33.702h147.87l22.104,61.687h-27.549V64.547C166.968,55.377,159.509,47.916,150.338,47.916z M278.52,114.378H22.157 c-4.184,0-7.107-2.923-7.107-7.105c0-4.186,2.923-7.11,7.107-7.11H278.52c4.184,0,7.105,2.923,7.105,7.11 C285.624,111.455,282.704,114.378,278.52,114.378z M233.43,150c0-6.54,5.318-11.856,11.856-11.856 c6.537,0,11.856,5.316,11.856,11.856v30.846H233.43V150z M185.958,150c0-6.54,5.319-11.856,11.856-11.856 c6.535,0,11.853,5.316,11.853,11.856v30.846h-23.709V150z M138.48,150c0-6.54,5.318-11.856,11.858-11.856 c6.537,0,11.856,5.316,11.856,11.856v30.846H138.48V150z M91.008,150c0-6.54,5.318-11.856,11.853-11.856 c6.54,0,11.858,5.316,11.858,11.856v30.846H91.008V150z M43.533,150c0-6.54,5.318-11.856,11.856-11.856 c6.535,0,11.853,5.316,11.853,11.856v30.846H43.533V150z M245.286,133.368c-9.171,0-16.629,7.461-16.629,16.632v30.846H214.44V150 c0-9.171-7.459-16.632-16.627-16.632c-9.171,0-16.632,7.461-16.632,16.632v30.846h-14.214V150c0-9.171-7.459-16.632-16.629-16.632 c-9.171,0-16.632,7.461-16.632,16.632v30.846h-14.214V150c0-9.171-7.461-16.632-16.632-16.632c-9.17,0-16.629,7.461-16.629,16.632 v30.846H72.018V150c0-9.171-7.459-16.632-16.629-16.632S38.759,140.83,38.759,150v30.846H24.543v-61.692h251.587v61.692h-14.214V150 C261.915,140.83,254.457,133.368,245.286,133.368z M285.624,192.726c0,4.181-2.921,7.105-7.105,7.105H22.157 c-4.184,0-7.107-2.923-7.107-7.105s2.923-7.105,7.107-7.105H278.52C282.704,185.622,285.624,188.545,285.624,192.726z\"><\/path><\/svg>\t\t\t\t<\/span>\n\t\t\t<\/div>\n\t\t\t\n\t\t\t\t\t\t<div class=\"elementor-icon-box-content\">\n\n\t\t\t\t\t\t\t\t\t<h2 class=\"elementor-icon-box-title\">\n\t\t\t\t\t\t<span  >\n\t\t\t\t\t\t\tEscape room de \"El Profesor\" en Sevilla\t\t\t\t\t\t<\/span>\n\t\t\t\t\t<\/h2>\n\t\t\t\t\n\t\t\t\t\t\t\t\t\t<p class=\"elementor-icon-box-description\">\n\t\t\t\t\t\t<p><strong>\u00bfTe atreves a formar parte del nuevo reto del Profesor?<\/strong><\/p>\n\n<p>El profesor est\u00e1 reclutando nuevos miembros para su equipo con altas capacidades en resoluci\u00f3n de problemas y situaciones de m\u00e1xima concentraci\u00f3n. Est\u00e1 programando el pr\u00f3ximo golpe y os necesita \u00bfEst\u00e1is dispuestos a uniros al profesor?<\/p>\n\n<p>\u00bfResolver\u00e1s junto con tu equipo todos los misterios que esconde este pr\u00f3ximo gran golpe? \u00bfQu\u00e9 equipo ser\u00e1 el primero en sorprender al profesor?<\/p>\t\t\t\t\t<\/p>\n\t\t\t\t\n\t\t\t<\/div>\n\t\t\t\n\t\t<\/div>\n\t\t\t\t\t\t<\/div>\n\t\t\t\t<\/div>\n\t\t\t\t\t<\/div>\n\t\t<\/div>\n\t\t\t\t<div class=\"elementor-column elementor-col-50 elementor-top-column elementor-element elementor-element-235a2425\" data-id=\"235a2425\" data-element_type=\"column\" data-e-type=\"column\">\n\t\t\t<div class=\"elementor-widget-wrap elementor-element-populated\">\n\t\t\t\t\t\t<section class=\"elementor-section elementor-inner-section elementor-element elementor-element-17e369a1 elementor-section-boxed elementor-section-height-default elementor-section-height-default\" data-id=\"17e369a1\" data-element_type=\"section\" data-e-type=\"section\" data-settings=\"{&quot;background_background&quot;:&quot;classic&quot;}\">\n\t\t\t\t\t\t<div class=\"elementor-container elementor-column-gap-default\">\n\t\t\t\t\t<div class=\"elementor-column elementor-col-100 elementor-inner-column elementor-element elementor-element-7667fe08\" data-id=\"7667fe08\" data-element_type=\"column\" data-e-type=\"column\">\n\t\t\t<div class=\"elementor-widget-wrap elementor-element-populated\">\n\t\t\t\t\t\t<div class=\"elementor-element elementor-element-3837cf82 elementor-widget elementor-widget-heading\" data-id=\"3837cf82\" data-element_type=\"widget\" data-e-type=\"widget\" data-widget_type=\"heading.default\">\n\t\t\t\t<div class=\"elementor-widget-container\">\n\t\t\t\t\t<h3 class=\"elementor-heading-title elementor-size-default\">El Profesor es un Hall Escape.<\/h3>\t\t\t\t<\/div>\n\t\t\t\t<\/div>\n\t\t\t\t<div class=\"elementor-element elementor-element-2af48cd5 elementor-widget elementor-widget-text-editor\" data-id=\"2af48cd5\" data-element_type=\"widget\" data-e-type=\"widget\" data-widget_type=\"text-editor.default\">\n\t\t\t\t<div class=\"elementor-widget-container\">\n\t\t\t\t\t\t\t\t\t<p>Un <b>Hall escape<\/b> es como un room escape pero sin tener que escapar de una habitaci\u00f3n. Todo se desarrolla en el mismo Hall. Los enigmas son los mismos que en un juego de escape, hay que aplicar la l\u00f3gica, la observaci\u00f3n, el sentido com\u00fan para conseguir descifrar el objetivo de la prueba, lo planteado al inicio del juego. Es un <b>juego multijugador <\/b>donde todos los jugadores est\u00e1n en la misma sala. Hay infinidad de propuestas de enigmas \u00a1Incluso m\u00e1s que en un room escape! Por eso el tiempo es mayor.<\/p>\t\t\t\t\t\t\t\t<\/div>\n\t\t\t\t<\/div>\n\t\t\t\t\t<\/div>\n\t\t<\/div>\n\t\t\t\t\t<\/div>\n\t\t<\/section>\n\t\t\t\t<div class=\"elementor-element elementor-element-305ff632 elementor-align-center elementor-widget elementor-widget-button\" data-id=\"305ff632\" data-element_type=\"widget\" data-e-type=\"widget\" data-widget_type=\"button.default\">\n\t\t\t\t<div class=\"elementor-widget-container\">\n\t\t\t\t\t\t\t\t\t<div class=\"elementor-button-wrapper\">\n\t\t\t\t\t<a class=\"elementor-button elementor-button-link elementor-size-xl elementor-animation-pulse\" href=\"https:\/\/reservas.cocoroom.es\/?ciudad=coco-room-sevilla&#038;juego=16408\">\n\t\t\t\t\t\t<span class=\"elementor-button-content-wrapper\">\n\t\t\t\t\t\t\t\t\t<span class=\"elementor-button-text\">Ver disponibilidad<\/span>\n\t\t\t\t\t<\/span>\n\t\t\t\t\t<\/a>\n\t\t\t\t<\/div>\n\t\t\t\t\t\t\t\t<\/div>\n\t\t\t\t<\/div>\n\t\t\t\t\t<\/div>\n\t\t<\/div>\n\t\t\t\t\t<\/div>\n\t\t<\/section>\n\t\t\t\t<section class=\"elementor-section elementor-top-section elementor-element elementor-element-19792631 elementor-section-stretched elementor-section-boxed elementor-section-height-default elementor-section-height-default\" data-id=\"19792631\" data-element_type=\"section\" data-e-type=\"section\" data-settings=\"{&quot;stretch_section&quot;:&quot;section-stretched&quot;,&quot;background_background&quot;:&quot;classic&quot;}\">\n\t\t\t\t\t\t<div class=\"elementor-container elementor-column-gap-default\">\n\t\t\t\t\t<div class=\"elementor-column elementor-col-100 elementor-top-column elementor-element elementor-element-28168ee8\" data-id=\"28168ee8\" data-element_type=\"column\" data-e-type=\"column\">\n\t\t\t<div class=\"elementor-widget-wrap elementor-element-populated\">\n\t\t\t\t\t\t<div class=\"elementor-element elementor-element-61f41f49 elementor-widget elementor-widget-heading\" data-id=\"61f41f49\" data-element_type=\"widget\" data-e-type=\"widget\" data-widget_type=\"heading.default\">\n\t\t\t\t<div class=\"elementor-widget-container\">\n\t\t\t\t\t<h2 class=\"elementor-heading-title elementor-size-default\">\u00bfA QU\u00c9 EST\u00c1S ESPERANDO?<\/h2>\t\t\t\t<\/div>\n\t\t\t\t<\/div>\n\t\t\t\t<div class=\"elementor-element elementor-element-71580647 elementor-widget elementor-widget-text-editor\" data-id=\"71580647\" data-element_type=\"widget\" data-e-type=\"widget\" data-widget_type=\"text-editor.default\">\n\t\t\t\t<div class=\"elementor-widget-container\">\n\t\t\t\t\t\t\t\t\t<p>Disfruta de nuestra experiencia \u00fanica en Sevilla poniendo a prueba tu habilidad mental y trabajo en equipo en nuestro Escape Room de \u00abEl Profesor\u00bb<\/p>\t\t\t\t\t\t\t\t<\/div>\n\t\t\t\t<\/div>\n\t\t\t\t<div class=\"elementor-element elementor-element-7990b438 elementor-align-center elementor-widget elementor-widget-button\" data-id=\"7990b438\" data-element_type=\"widget\" data-e-type=\"widget\" data-widget_type=\"button.default\">\n\t\t\t\t<div class=\"elementor-widget-container\">\n\t\t\t\t\t\t\t\t\t<div class=\"elementor-button-wrapper\">\n\t\t\t\t\t<a class=\"elementor-button elementor-button-link elementor-size-sm\" href=\"https:\/\/reservas.cocoroom.es\/?ciudad=coco-room-sevilla&#038;juego=16408\">\n\t\t\t\t\t\t<span class=\"elementor-button-content-wrapper\">\n\t\t\t\t\t\t\t\t\t<span class=\"elementor-button-text\">Reservar<\/span>\n\t\t\t\t\t<\/span>\n\t\t\t\t\t<\/a>\n\t\t\t\t<\/div>\n\t\t\t\t\t\t\t\t<\/div>\n\t\t\t\t<\/div>\n\t\t\t\t\t<\/div>\n\t\t<\/div>\n\t\t\t\t\t<\/div>\n\t\t<\/section>\n\t\t\t\t<\/div>\n\t\t","protected":false},"excerpt":{"rendered":"<p>El Profesor DURACI\u00d3N90min DIFICULTAD8\/10 JUGADORES12-30 \/ Combate Escape room de \u00abEl Profesor\u00bb en Sevilla \u00bfTe atreves a formar parte del nuevo reto del Profesor? El profesor est\u00e1 reclutando nuevos miembros para su equipo con altas capacidades en resoluci\u00f3n de problemas y situaciones de m\u00e1xima concentraci\u00f3n. Est\u00e1 programando el pr\u00f3ximo golpe y os necesita \u00bfEst\u00e1is dispuestos &#8230; <a title=\"El Profesor\" class=\"read-more\" href=\"https:\/\/cocoroom.es\/sevilla\/el-profesor\/\" aria-label=\"Leer m\u00e1s sobre El Profesor\">Leer m\u00e1s<\/a><\/p>\n","protected":false},"author":2,"featured_media":0,"parent":0,"menu_order":0,"comment_status":"closed","ping_status":"closed","template":"","meta":{"footnotes":""},"class_list":["post-1376","page","type-page","status-publish"],"yoast_head":"<!-- This site is optimized with the Yoast SEO plugin v27.1.1 - https:\/\/yoast.com\/product\/yoast-seo-wordpress\/ -->\n<title>El Profesor - Cocoroom Sevilla<\/title>\n<meta name=\"robots\" content=\"index, follow, max-snippet:-1, max-image-preview:large, max-video-preview:-1\" \/>\n<link rel=\"canonical\" href=\"https:\/\/cocoroom.es\/sevilla\/el-profesor\/\" \/>\n<meta property=\"og:locale\" content=\"es_ES\" \/>\n<meta property=\"og:type\" content=\"article\" \/>\n<meta property=\"og:title\" content=\"El Profesor - Cocoroom Sevilla\" \/>\n<meta property=\"og:description\" content=\"El Profesor DURACI\u00d3N90min DIFICULTAD8\/10 JUGADORES12-30 \/ Combate Escape room de \u00abEl Profesor\u00bb en Sevilla \u00bfTe atreves a formar parte del nuevo reto del Profesor? El profesor est\u00e1 reclutando nuevos miembros para su equipo con altas capacidades en resoluci\u00f3n de problemas y situaciones de m\u00e1xima concentraci\u00f3n. Est\u00e1 programando el pr\u00f3ximo golpe y os necesita \u00bfEst\u00e1is dispuestos ... Leer m\u00e1s\" \/>\n<meta property=\"og:url\" content=\"https:\/\/cocoroom.es\/sevilla\/el-profesor\/\" \/>\n<meta property=\"og:site_name\" content=\"Cocoroom Sevilla\" \/>\n<meta property=\"article:modified_time\" content=\"2026-03-19T11:56:12+00:00\" \/>\n<meta name=\"twitter:card\" content=\"summary_large_image\" \/>\n<meta name=\"twitter:label1\" content=\"Tiempo de lectura\" \/>\n\t<meta name=\"twitter:data1\" content=\"1 minuto\" \/>\n<script type=\"application\/ld+json\" class=\"yoast-schema-graph\">{\"@context\":\"https:\/\/schema.org\",\"@graph\":[{\"@type\":\"WebPage\",\"@id\":\"https:\/\/cocoroom.es\/sevilla\/el-profesor\/\",\"url\":\"https:\/\/cocoroom.es\/sevilla\/el-profesor\/\",\"name\":\"El Profesor - Cocoroom Sevilla\",\"isPartOf\":{\"@id\":\"https:\/\/cocoroom.es\/sevilla\/#website\"},\"datePublished\":\"2023-01-25T09:45:57+00:00\",\"dateModified\":\"2026-03-19T11:56:12+00:00\",\"breadcrumb\":{\"@id\":\"https:\/\/cocoroom.es\/sevilla\/el-profesor\/#breadcrumb\"},\"inLanguage\":\"es\",\"potentialAction\":[{\"@type\":\"ReadAction\",\"target\":[\"https:\/\/cocoroom.es\/sevilla\/el-profesor\/\"]}]},{\"@type\":\"BreadcrumbList\",\"@id\":\"https:\/\/cocoroom.es\/sevilla\/el-profesor\/#breadcrumb\",\"itemListElement\":[{\"@type\":\"ListItem\",\"position\":1,\"name\":\"Portada\",\"item\":\"https:\/\/cocoroom.es\/sevilla\/\"},{\"@type\":\"ListItem\",\"position\":2,\"name\":\"El Profesor\"}]},{\"@type\":\"WebSite\",\"@id\":\"https:\/\/cocoroom.es\/sevilla\/#website\",\"url\":\"https:\/\/cocoroom.es\/sevilla\/\",\"name\":\"Cocoroom Sevilla\",\"description\":\"\",\"publisher\":{\"@id\":\"https:\/\/cocoroom.es\/sevilla\/#organization\"},\"potentialAction\":[{\"@type\":\"SearchAction\",\"target\":{\"@type\":\"EntryPoint\",\"urlTemplate\":\"https:\/\/cocoroom.es\/sevilla\/?s={search_term_string}\"},\"query-input\":{\"@type\":\"PropertyValueSpecification\",\"valueRequired\":true,\"valueName\":\"search_term_string\"}}],\"inLanguage\":\"es\"},{\"@type\":\"Organization\",\"@id\":\"https:\/\/cocoroom.es\/sevilla\/#organization\",\"name\":\"Cocoroom Sevilla\",\"url\":\"https:\/\/cocoroom.es\/sevilla\/\",\"logo\":{\"@type\":\"ImageObject\",\"inLanguage\":\"es\",\"@id\":\"https:\/\/cocoroom.es\/sevilla\/#\/schema\/logo\/image\/\",\"url\":\"https:\/\/cocoroom.es\/sevilla\/wp-content\/uploads\/2022\/03\/cropped-logo-escape-room-sevilla-cocoroom.png\",\"contentUrl\":\"https:\/\/cocoroom.es\/sevilla\/wp-content\/uploads\/2022\/03\/cropped-logo-escape-room-sevilla-cocoroom.png\",\"width\":500,\"height\":185,\"caption\":\"Cocoroom Sevilla\"},\"image\":{\"@id\":\"https:\/\/cocoroom.es\/sevilla\/#\/schema\/logo\/image\/\"}}]}<\/script>\n<!-- \/ Yoast SEO plugin. -->","yoast_head_json":{"title":"El Profesor - Cocoroom Sevilla","robots":{"index":"index","follow":"follow","max-snippet":"max-snippet:-1","max-image-preview":"max-image-preview:large","max-video-preview":"max-video-preview:-1"},"canonical":"https:\/\/cocoroom.es\/sevilla\/el-profesor\/","og_locale":"es_ES","og_type":"article","og_title":"El Profesor - Cocoroom Sevilla","og_description":"El Profesor DURACI\u00d3N90min DIFICULTAD8\/10 JUGADORES12-30 \/ Combate Escape room de \u00abEl Profesor\u00bb en Sevilla \u00bfTe atreves a formar parte del nuevo reto del Profesor? El profesor est\u00e1 reclutando nuevos miembros para su equipo con altas capacidades en resoluci\u00f3n de problemas y situaciones de m\u00e1xima concentraci\u00f3n. Est\u00e1 programando el pr\u00f3ximo golpe y os necesita \u00bfEst\u00e1is dispuestos ... Leer m\u00e1s","og_url":"https:\/\/cocoroom.es\/sevilla\/el-profesor\/","og_site_name":"Cocoroom Sevilla","article_modified_time":"2026-03-19T11:56:12+00:00","twitter_card":"summary_large_image","twitter_misc":{"Tiempo de lectura":"1 minuto"},"schema":{"@context":"https:\/\/schema.org","@graph":[{"@type":"WebPage","@id":"https:\/\/cocoroom.es\/sevilla\/el-profesor\/","url":"https:\/\/cocoroom.es\/sevilla\/el-profesor\/","name":"El Profesor - Cocoroom Sevilla","isPartOf":{"@id":"https:\/\/cocoroom.es\/sevilla\/#website"},"datePublished":"2023-01-25T09:45:57+00:00","dateModified":"2026-03-19T11:56:12+00:00","breadcrumb":{"@id":"https:\/\/cocoroom.es\/sevilla\/el-profesor\/#breadcrumb"},"inLanguage":"es","potentialAction":[{"@type":"ReadAction","target":["https:\/\/cocoroom.es\/sevilla\/el-profesor\/"]}]},{"@type":"BreadcrumbList","@id":"https:\/\/cocoroom.es\/sevilla\/el-profesor\/#breadcrumb","itemListElement":[{"@type":"ListItem","position":1,"name":"Portada","item":"https:\/\/cocoroom.es\/sevilla\/"},{"@type":"ListItem","position":2,"name":"El Profesor"}]},{"@type":"WebSite","@id":"https:\/\/cocoroom.es\/sevilla\/#website","url":"https:\/\/cocoroom.es\/sevilla\/","name":"Cocoroom Sevilla","description":"","publisher":{"@id":"https:\/\/cocoroom.es\/sevilla\/#organization"},"potentialAction":[{"@type":"SearchAction","target":{"@type":"EntryPoint","urlTemplate":"https:\/\/cocoroom.es\/sevilla\/?s={search_term_string}"},"query-input":{"@type":"PropertyValueSpecification","valueRequired":true,"valueName":"search_term_string"}}],"inLanguage":"es"},{"@type":"Organization","@id":"https:\/\/cocoroom.es\/sevilla\/#organization","name":"Cocoroom Sevilla","url":"https:\/\/cocoroom.es\/sevilla\/","logo":{"@type":"ImageObject","inLanguage":"es","@id":"https:\/\/cocoroom.es\/sevilla\/#\/schema\/logo\/image\/","url":"https:\/\/cocoroom.es\/sevilla\/wp-content\/uploads\/2022\/03\/cropped-logo-escape-room-sevilla-cocoroom.png","contentUrl":"https:\/\/cocoroom.es\/sevilla\/wp-content\/uploads\/2022\/03\/cropped-logo-escape-room-sevilla-cocoroom.png","width":500,"height":185,"caption":"Cocoroom Sevilla"},"image":{"@id":"https:\/\/cocoroom.es\/sevilla\/#\/schema\/logo\/image\/"}}]}},"_links":{"self":[{"href":"https:\/\/cocoroom.es\/sevilla\/wp-json\/wp\/v2\/pages\/1376","targetHints":{"allow":["GET"]}}],"collection":[{"href":"https:\/\/cocoroom.es\/sevilla\/wp-json\/wp\/v2\/pages"}],"about":[{"href":"https:\/\/cocoroom.es\/sevilla\/wp-json\/wp\/v2\/types\/page"}],"author":[{"embeddable":true,"href":"https:\/\/cocoroom.es\/sevilla\/wp-json\/wp\/v2\/users\/2"}],"replies":[{"embeddable":true,"href":"https:\/\/cocoroom.es\/sevilla\/wp-json\/wp\/v2\/comments?post=1376"}],"version-history":[{"count":10,"href":"https:\/\/cocoroom.es\/sevilla\/wp-json\/wp\/v2\/pages\/1376\/revisions"}],"predecessor-version":[{"id":3075,"href":"https:\/\/cocoroom.es\/sevilla\/wp-json\/wp\/v2\/pages\/1376\/revisions\/3075"}],"wp:attachment":[{"href":"https:\/\/cocoroom.es\/sevilla\/wp-json\/wp\/v2\/media?parent=1376"}],"curies":[{"name":"wp","href":"https:\/\/api.w.org\/{rel}","templated":true}]}}