{"id":1339,"date":"2023-01-21T11:54:13","date_gmt":"2023-01-21T11:54:13","guid":{"rendered":"https:\/\/cocoroom.es\/sevilla\/?page_id=1339"},"modified":"2026-03-19T11:53:17","modified_gmt":"2026-03-19T11:53:17","slug":"mario-vs-luigi","status":"publish","type":"page","link":"https:\/\/cocoroom.es\/sevilla\/mario-vs-luigi\/","title":{"rendered":"Mario Vs Luigi"},"content":{"rendered":"\t\t<div data-elementor-type=\"wp-page\" data-elementor-id=\"1339\" class=\"elementor elementor-1339\" data-elementor-post-type=\"page\">\n\t\t\t\t\t\t<section class=\"elementor-section elementor-top-section elementor-element elementor-element-5b491b85 elementor-section-stretched elementor-section-boxed elementor-section-height-default elementor-section-height-default\" data-id=\"5b491b85\" data-element_type=\"section\" data-e-type=\"section\" data-settings=\"{&quot;stretch_section&quot;:&quot;section-stretched&quot;,&quot;background_background&quot;:&quot;classic&quot;}\">\n\t\t\t\t\t\t\t<div class=\"elementor-background-overlay\"><\/div>\n\t\t\t\t\t\t\t<div class=\"elementor-container elementor-column-gap-default\">\n\t\t\t\t\t<div class=\"elementor-column elementor-col-50 elementor-top-column elementor-element elementor-element-4307eaa5\" data-id=\"4307eaa5\" data-element_type=\"column\" data-e-type=\"column\">\n\t\t\t<div class=\"elementor-widget-wrap elementor-element-populated\">\n\t\t\t\t\t\t<div class=\"elementor-element elementor-element-24a3acad elementor-widget elementor-widget-heading\" data-id=\"24a3acad\" data-element_type=\"widget\" data-e-type=\"widget\" data-widget_type=\"heading.default\">\n\t\t\t\t<div class=\"elementor-widget-container\">\n\t\t\t\t\t<h1 class=\"elementor-heading-title elementor-size-default\">Mario Vs Luigi<\/h1>\t\t\t\t<\/div>\n\t\t\t\t<\/div>\n\t\t\t\t<div class=\"elementor-element elementor-element-380e6b9c elementor-widget-divider--view-line elementor-widget elementor-widget-divider\" data-id=\"380e6b9c\" data-element_type=\"widget\" data-e-type=\"widget\" data-widget_type=\"divider.default\">\n\t\t\t\t<div class=\"elementor-widget-container\">\n\t\t\t\t\t\t\t<div class=\"elementor-divider\">\n\t\t\t<span class=\"elementor-divider-separator\">\n\t\t\t\t\t\t<\/span>\n\t\t<\/div>\n\t\t\t\t\t\t<\/div>\n\t\t\t\t<\/div>\n\t\t\t\t<div class=\"elementor-element elementor-element-5ccc618e elementor-widget elementor-widget-text-editor\" data-id=\"5ccc618e\" data-element_type=\"widget\" data-e-type=\"widget\" data-widget_type=\"text-editor.default\">\n\t\t\t\t<div class=\"elementor-widget-container\">\n\t\t\t\t\t\t\t\t\t<p>DURACI\u00d3N<br \/><strong>60min<\/strong><\/p><p>DIFICULTAD<br \/><strong>7\/10<\/strong><\/p><p>JUGADORES<br \/><strong>6-10 \/ Combate<\/strong><\/p>\t\t\t\t\t\t\t\t<\/div>\n\t\t\t\t<\/div>\n\t\t\t\t\t<\/div>\n\t\t<\/div>\n\t\t\t\t<div class=\"elementor-column elementor-col-50 elementor-top-column elementor-element elementor-element-781689e1\" data-id=\"781689e1\" data-element_type=\"column\" data-e-type=\"column\">\n\t\t\t<div class=\"elementor-widget-wrap\">\n\t\t\t\t\t\t\t<\/div>\n\t\t<\/div>\n\t\t\t\t\t<\/div>\n\t\t<\/section>\n\t\t\t\t<section class=\"elementor-section elementor-top-section elementor-element elementor-element-62465b0f elementor-section-boxed elementor-section-height-default elementor-section-height-default\" data-id=\"62465b0f\" data-element_type=\"section\" data-e-type=\"section\" data-settings=\"{&quot;background_background&quot;:&quot;classic&quot;}\">\n\t\t\t\t\t\t<div class=\"elementor-container elementor-column-gap-default\">\n\t\t\t\t\t<div class=\"elementor-column elementor-col-50 elementor-top-column elementor-element elementor-element-18c567ea\" data-id=\"18c567ea\" data-element_type=\"column\" data-e-type=\"column\">\n\t\t\t<div class=\"elementor-widget-wrap elementor-element-populated\">\n\t\t\t\t\t\t<div class=\"elementor-element elementor-element-2dcc492e elementor-view-framed elementor-position-inline-start elementor-shape-circle elementor-mobile-position-block-start elementor-widget elementor-widget-icon-box\" data-id=\"2dcc492e\" data-element_type=\"widget\" data-e-type=\"widget\" data-widget_type=\"icon-box.default\">\n\t\t\t\t<div class=\"elementor-widget-container\">\n\t\t\t\t\t\t\t<div class=\"elementor-icon-box-wrapper\">\n\n\t\t\t\t\t\t<div class=\"elementor-icon-box-icon\">\n\t\t\t\t<span  class=\"elementor-icon\">\n\t\t\t\t<svg xmlns=\"http:\/\/www.w3.org\/2000\/svg\" xmlns:xlink=\"http:\/\/www.w3.org\/1999\/xlink\" id=\"Capa_1\" x=\"0px\" y=\"0px\" viewBox=\"0 0 202.9 202.9\" style=\"enable-background:new 0 0 202.9 202.9;\" xml:space=\"preserve\"><g>\t<path d=\"M35.3,134.7c7.8,2.7,16.8,4.3,26.5,5.2v39.2c0,13.1,10.7,23.8,23.8,23.8h31.6c13.1,0,23.8-10.7,23.8-23.8v-39.2  c9.7-1,18.7-2.6,26.5-5.2c20.9-7.1,31.5-21.6,31.5-42.9C199,49.4,156.4,0,101.5,0C46.5,0,3.9,49.4,3.9,91.8  C3.9,113.1,14.5,127.5,35.3,134.7z M132.9,183.3c0,4.8-10.8,12.3-15.7,12.3H85.1c-4.8,0-15-8.8-15-13.6l-0.6-41.5  c8.1,0.3,23.7,0.9,31.9,0.9s24.4-0.5,32.5-0.9L132.9,183.3z M101.5,5.9c51.4,0,92.8,47.2,92.8,86.3c0,32.9-29.9,43.6-92.8,43.6  c-62.8,0-92.8-10.6-92.8-43.6C8.7,53.1,50.1,5.9,101.5,5.9z\"><\/path><\/g><\/svg>\t\t\t\t<\/span>\n\t\t\t<\/div>\n\t\t\t\n\t\t\t\t\t\t<div class=\"elementor-icon-box-content\">\n\n\t\t\t\t\t\t\t\t\t<h2 class=\"elementor-icon-box-title\">\n\t\t\t\t\t\t<span  >\n\t\t\t\t\t\t\tEscape room de Mario Vs Luigi en Sevilla\t\t\t\t\t\t<\/span>\n\t\t\t\t\t<\/h2>\n\t\t\t\t\n\t\t\t\t\t\t\t\t\t<p class=\"elementor-icon-box-description\">\n\t\t\t\t\t\t<p><strong>Este escape room nos traslada al interior del mundo seta de super mario bros.<\/strong><\/p>\n\n<p>La corona de la Princesa Peach ha desaparecido y parece ser que la custodia una vez m\u00e1s Bowser.<\/p>\n\n<p>En esta ocasi\u00f3n el equipo Luigi competir\u00e1 contra el equipo Mario para encontrar y hacerse con la Corona para devolv\u00e9rsela a su due\u00f1a \u00bfQu\u00e9 equipo ser\u00e1 el h\u00e9roe de esta historia? <\/p>\n\n<p><strong>Es un hall escape 2.0, cuya aventura pueden participar equipos de entre 6 a 10 personas.<\/strong><\/p>\t\t\t\t\t<\/p>\n\t\t\t\t\n\t\t\t<\/div>\n\t\t\t\n\t\t<\/div>\n\t\t\t\t\t\t<\/div>\n\t\t\t\t<\/div>\n\t\t\t\t\t<\/div>\n\t\t<\/div>\n\t\t\t\t<div class=\"elementor-column elementor-col-50 elementor-top-column elementor-element elementor-element-2bd52c28\" data-id=\"2bd52c28\" data-element_type=\"column\" data-e-type=\"column\">\n\t\t\t<div class=\"elementor-widget-wrap elementor-element-populated\">\n\t\t\t\t\t\t<section class=\"elementor-section elementor-inner-section elementor-element elementor-element-155570a4 elementor-section-boxed elementor-section-height-default elementor-section-height-default\" data-id=\"155570a4\" data-element_type=\"section\" data-e-type=\"section\" data-settings=\"{&quot;background_background&quot;:&quot;classic&quot;}\">\n\t\t\t\t\t\t<div class=\"elementor-container elementor-column-gap-default\">\n\t\t\t\t\t<div class=\"elementor-column elementor-col-100 elementor-inner-column elementor-element elementor-element-eb46910\" data-id=\"eb46910\" data-element_type=\"column\" data-e-type=\"column\">\n\t\t\t<div class=\"elementor-widget-wrap elementor-element-populated\">\n\t\t\t\t\t\t<div class=\"elementor-element elementor-element-486b2a2b elementor-widget elementor-widget-heading\" data-id=\"486b2a2b\" data-element_type=\"widget\" data-e-type=\"widget\" data-widget_type=\"heading.default\">\n\t\t\t\t<div class=\"elementor-widget-container\">\n\t\t\t\t\t<h3 class=\"elementor-heading-title elementor-size-default\">MARIO VS LUIGI es un Hall Escape.<\/h3>\t\t\t\t<\/div>\n\t\t\t\t<\/div>\n\t\t\t\t<div class=\"elementor-element elementor-element-df778d5 elementor-widget elementor-widget-text-editor\" data-id=\"df778d5\" data-element_type=\"widget\" data-e-type=\"widget\" data-widget_type=\"text-editor.default\">\n\t\t\t\t<div class=\"elementor-widget-container\">\n\t\t\t\t\t\t\t\t\t<p>Un <b>Hall escape<\/b> es como un room escape pero sin tener que escapar de una habitaci\u00f3n. Todo se desarrolla en el mismo espacio. Los enigmas son los mismos que en un juego de escape, hay que aplicar la l\u00f3gica, la observaci\u00f3n, el sentido com\u00fan para conseguir descifrar el objetivo de la prueba, lo planteado al inicio del juego. Es un <b>juego multijugador <\/b>donde todos los jugadores est\u00e1n en la misma sala. Hay infinidad de propuestas de enigmas \u00a1Incluso m\u00e1s que en un room escape! Es un hall escape 2.0 hay tecnolog\u00eda aplicada en los juegos y mecanismos.<\/p>\t\t\t\t\t\t\t\t<\/div>\n\t\t\t\t<\/div>\n\t\t\t\t\t<\/div>\n\t\t<\/div>\n\t\t\t\t\t<\/div>\n\t\t<\/section>\n\t\t\t\t<div class=\"elementor-element elementor-element-3da5d443 elementor-align-center elementor-widget elementor-widget-button\" data-id=\"3da5d443\" data-element_type=\"widget\" data-e-type=\"widget\" data-widget_type=\"button.default\">\n\t\t\t\t<div class=\"elementor-widget-container\">\n\t\t\t\t\t\t\t\t\t<div class=\"elementor-button-wrapper\">\n\t\t\t\t\t<a class=\"elementor-button elementor-button-link elementor-size-xl elementor-animation-pulse\" href=\"https:\/\/reservas.cocoroom.es\/?ciudad=coco-room-sevilla&#038;juego=14460\">\n\t\t\t\t\t\t<span class=\"elementor-button-content-wrapper\">\n\t\t\t\t\t\t\t\t\t<span class=\"elementor-button-text\">Ver disponibilidad<\/span>\n\t\t\t\t\t<\/span>\n\t\t\t\t\t<\/a>\n\t\t\t\t<\/div>\n\t\t\t\t\t\t\t\t<\/div>\n\t\t\t\t<\/div>\n\t\t\t\t\t<\/div>\n\t\t<\/div>\n\t\t\t\t\t<\/div>\n\t\t<\/section>\n\t\t\t\t<section class=\"elementor-section elementor-top-section elementor-element elementor-element-65a5320e elementor-section-stretched elementor-section-boxed elementor-section-height-default elementor-section-height-default\" data-id=\"65a5320e\" data-element_type=\"section\" data-e-type=\"section\" data-settings=\"{&quot;stretch_section&quot;:&quot;section-stretched&quot;,&quot;background_background&quot;:&quot;classic&quot;}\">\n\t\t\t\t\t\t<div class=\"elementor-container elementor-column-gap-default\">\n\t\t\t\t\t<div class=\"elementor-column elementor-col-100 elementor-top-column elementor-element elementor-element-3c99959\" data-id=\"3c99959\" data-element_type=\"column\" data-e-type=\"column\">\n\t\t\t<div class=\"elementor-widget-wrap elementor-element-populated\">\n\t\t\t\t\t\t<div class=\"elementor-element elementor-element-34515df elementor-widget elementor-widget-heading\" data-id=\"34515df\" data-element_type=\"widget\" data-e-type=\"widget\" data-widget_type=\"heading.default\">\n\t\t\t\t<div class=\"elementor-widget-container\">\n\t\t\t\t\t<h2 class=\"elementor-heading-title elementor-size-default\">\u00bfA QU\u00c9 EST\u00c1S ESPERANDO?<\/h2>\t\t\t\t<\/div>\n\t\t\t\t<\/div>\n\t\t\t\t<div class=\"elementor-element elementor-element-46a73e65 elementor-widget elementor-widget-text-editor\" data-id=\"46a73e65\" data-element_type=\"widget\" data-e-type=\"widget\" data-widget_type=\"text-editor.default\">\n\t\t\t\t<div class=\"elementor-widget-container\">\n\t\t\t\t\t\t\t\t\t<p>Disfruta de nuestra experiencia \u00fanica en Sevilla poniendo a prueba tu habilidad mental y trabajo en equipo en nuestro Escape Room de \u00abMario Vs Luigi\u00bb<\/p>\t\t\t\t\t\t\t\t<\/div>\n\t\t\t\t<\/div>\n\t\t\t\t<div class=\"elementor-element elementor-element-a7db74c elementor-align-center elementor-widget elementor-widget-button\" data-id=\"a7db74c\" data-element_type=\"widget\" data-e-type=\"widget\" data-widget_type=\"button.default\">\n\t\t\t\t<div class=\"elementor-widget-container\">\n\t\t\t\t\t\t\t\t\t<div class=\"elementor-button-wrapper\">\n\t\t\t\t\t<a class=\"elementor-button elementor-button-link elementor-size-sm\" href=\"https:\/\/reservas.cocoroom.es\/?ciudad=coco-room-sevilla&#038;juego=14460\">\n\t\t\t\t\t\t<span class=\"elementor-button-content-wrapper\">\n\t\t\t\t\t\t\t\t\t<span class=\"elementor-button-text\">Reservar<\/span>\n\t\t\t\t\t<\/span>\n\t\t\t\t\t<\/a>\n\t\t\t\t<\/div>\n\t\t\t\t\t\t\t\t<\/div>\n\t\t\t\t<\/div>\n\t\t\t\t\t<\/div>\n\t\t<\/div>\n\t\t\t\t\t<\/div>\n\t\t<\/section>\n\t\t\t\t<\/div>\n\t\t","protected":false},"excerpt":{"rendered":"<p>Mario Vs Luigi DURACI\u00d3N60min DIFICULTAD7\/10 JUGADORES6-10 \/ Combate Escape room de Mario Vs Luigi en Sevilla Este escape room nos traslada al interior del mundo seta de super mario bros. La corona de la Princesa Peach ha desaparecido y parece ser que la custodia una vez m\u00e1s Bowser. En esta ocasi\u00f3n el equipo Luigi competir\u00e1 &#8230; <a title=\"Mario Vs Luigi\" class=\"read-more\" href=\"https:\/\/cocoroom.es\/sevilla\/mario-vs-luigi\/\" aria-label=\"Leer m\u00e1s sobre Mario Vs Luigi\">Leer m\u00e1s<\/a><\/p>\n","protected":false},"author":2,"featured_media":0,"parent":0,"menu_order":0,"comment_status":"closed","ping_status":"closed","template":"","meta":{"footnotes":""},"class_list":["post-1339","page","type-page","status-publish"],"yoast_head":"<!-- This site is optimized with the Yoast SEO plugin v27.1.1 - https:\/\/yoast.com\/product\/yoast-seo-wordpress\/ -->\n<title>Mario Vs Luigi Hall Escape | Coco Room Sevilla<\/title>\n<meta name=\"description\" content=\"Disfruta de un aut\u00e9ntico combate entre Mario Vs Luigi por conseguir la desaparecida corona de la Princesa Peach \u00bfListo por conocer al h\u00e9roe de esta historia?\" \/>\n<meta name=\"robots\" content=\"index, follow, max-snippet:-1, max-image-preview:large, max-video-preview:-1\" \/>\n<link rel=\"canonical\" href=\"https:\/\/cocoroom.es\/sevilla\/mario-vs-luigi\/\" \/>\n<meta property=\"og:locale\" content=\"es_ES\" \/>\n<meta property=\"og:type\" content=\"article\" \/>\n<meta property=\"og:title\" content=\"Mario Vs Luigi Hall Escape | Coco Room Sevilla\" \/>\n<meta property=\"og:description\" content=\"Disfruta de un aut\u00e9ntico combate entre Mario Vs Luigi por conseguir la desaparecida corona de la Princesa Peach \u00bfListo por conocer al h\u00e9roe de esta historia?\" \/>\n<meta property=\"og:url\" content=\"https:\/\/cocoroom.es\/sevilla\/mario-vs-luigi\/\" \/>\n<meta property=\"og:site_name\" content=\"Cocoroom Sevilla\" \/>\n<meta property=\"article:modified_time\" content=\"2026-03-19T11:53:17+00:00\" \/>\n<meta name=\"twitter:card\" content=\"summary_large_image\" \/>\n<meta name=\"twitter:label1\" content=\"Tiempo de lectura\" \/>\n\t<meta name=\"twitter:data1\" content=\"1 minuto\" \/>\n<script type=\"application\/ld+json\" class=\"yoast-schema-graph\">{\"@context\":\"https:\/\/schema.org\",\"@graph\":[{\"@type\":\"WebPage\",\"@id\":\"https:\/\/cocoroom.es\/sevilla\/mario-vs-luigi\/\",\"url\":\"https:\/\/cocoroom.es\/sevilla\/mario-vs-luigi\/\",\"name\":\"Mario Vs Luigi Hall Escape | Coco Room Sevilla\",\"isPartOf\":{\"@id\":\"https:\/\/cocoroom.es\/sevilla\/#website\"},\"datePublished\":\"2023-01-21T11:54:13+00:00\",\"dateModified\":\"2026-03-19T11:53:17+00:00\",\"description\":\"Disfruta de un aut\u00e9ntico combate entre Mario Vs Luigi por conseguir la desaparecida corona de la Princesa Peach \u00bfListo por conocer al h\u00e9roe de esta historia?\",\"breadcrumb\":{\"@id\":\"https:\/\/cocoroom.es\/sevilla\/mario-vs-luigi\/#breadcrumb\"},\"inLanguage\":\"es\",\"potentialAction\":[{\"@type\":\"ReadAction\",\"target\":[\"https:\/\/cocoroom.es\/sevilla\/mario-vs-luigi\/\"]}]},{\"@type\":\"BreadcrumbList\",\"@id\":\"https:\/\/cocoroom.es\/sevilla\/mario-vs-luigi\/#breadcrumb\",\"itemListElement\":[{\"@type\":\"ListItem\",\"position\":1,\"name\":\"Portada\",\"item\":\"https:\/\/cocoroom.es\/sevilla\/\"},{\"@type\":\"ListItem\",\"position\":2,\"name\":\"Mario Vs Luigi\"}]},{\"@type\":\"WebSite\",\"@id\":\"https:\/\/cocoroom.es\/sevilla\/#website\",\"url\":\"https:\/\/cocoroom.es\/sevilla\/\",\"name\":\"Cocoroom Sevilla\",\"description\":\"\",\"publisher\":{\"@id\":\"https:\/\/cocoroom.es\/sevilla\/#organization\"},\"potentialAction\":[{\"@type\":\"SearchAction\",\"target\":{\"@type\":\"EntryPoint\",\"urlTemplate\":\"https:\/\/cocoroom.es\/sevilla\/?s={search_term_string}\"},\"query-input\":{\"@type\":\"PropertyValueSpecification\",\"valueRequired\":true,\"valueName\":\"search_term_string\"}}],\"inLanguage\":\"es\"},{\"@type\":\"Organization\",\"@id\":\"https:\/\/cocoroom.es\/sevilla\/#organization\",\"name\":\"Cocoroom Sevilla\",\"url\":\"https:\/\/cocoroom.es\/sevilla\/\",\"logo\":{\"@type\":\"ImageObject\",\"inLanguage\":\"es\",\"@id\":\"https:\/\/cocoroom.es\/sevilla\/#\/schema\/logo\/image\/\",\"url\":\"https:\/\/cocoroom.es\/sevilla\/wp-content\/uploads\/2022\/03\/cropped-logo-escape-room-sevilla-cocoroom.png\",\"contentUrl\":\"https:\/\/cocoroom.es\/sevilla\/wp-content\/uploads\/2022\/03\/cropped-logo-escape-room-sevilla-cocoroom.png\",\"width\":500,\"height\":185,\"caption\":\"Cocoroom Sevilla\"},\"image\":{\"@id\":\"https:\/\/cocoroom.es\/sevilla\/#\/schema\/logo\/image\/\"}}]}<\/script>\n<!-- \/ Yoast SEO plugin. -->","yoast_head_json":{"title":"Mario Vs Luigi Hall Escape | Coco Room Sevilla","description":"Disfruta de un aut\u00e9ntico combate entre Mario Vs Luigi por conseguir la desaparecida corona de la Princesa Peach \u00bfListo por conocer al h\u00e9roe de esta historia?","robots":{"index":"index","follow":"follow","max-snippet":"max-snippet:-1","max-image-preview":"max-image-preview:large","max-video-preview":"max-video-preview:-1"},"canonical":"https:\/\/cocoroom.es\/sevilla\/mario-vs-luigi\/","og_locale":"es_ES","og_type":"article","og_title":"Mario Vs Luigi Hall Escape | Coco Room Sevilla","og_description":"Disfruta de un aut\u00e9ntico combate entre Mario Vs Luigi por conseguir la desaparecida corona de la Princesa Peach \u00bfListo por conocer al h\u00e9roe de esta historia?","og_url":"https:\/\/cocoroom.es\/sevilla\/mario-vs-luigi\/","og_site_name":"Cocoroom Sevilla","article_modified_time":"2026-03-19T11:53:17+00:00","twitter_card":"summary_large_image","twitter_misc":{"Tiempo de lectura":"1 minuto"},"schema":{"@context":"https:\/\/schema.org","@graph":[{"@type":"WebPage","@id":"https:\/\/cocoroom.es\/sevilla\/mario-vs-luigi\/","url":"https:\/\/cocoroom.es\/sevilla\/mario-vs-luigi\/","name":"Mario Vs Luigi Hall Escape | Coco Room Sevilla","isPartOf":{"@id":"https:\/\/cocoroom.es\/sevilla\/#website"},"datePublished":"2023-01-21T11:54:13+00:00","dateModified":"2026-03-19T11:53:17+00:00","description":"Disfruta de un aut\u00e9ntico combate entre Mario Vs Luigi por conseguir la desaparecida corona de la Princesa Peach \u00bfListo por conocer al h\u00e9roe de esta historia?","breadcrumb":{"@id":"https:\/\/cocoroom.es\/sevilla\/mario-vs-luigi\/#breadcrumb"},"inLanguage":"es","potentialAction":[{"@type":"ReadAction","target":["https:\/\/cocoroom.es\/sevilla\/mario-vs-luigi\/"]}]},{"@type":"BreadcrumbList","@id":"https:\/\/cocoroom.es\/sevilla\/mario-vs-luigi\/#breadcrumb","itemListElement":[{"@type":"ListItem","position":1,"name":"Portada","item":"https:\/\/cocoroom.es\/sevilla\/"},{"@type":"ListItem","position":2,"name":"Mario Vs Luigi"}]},{"@type":"WebSite","@id":"https:\/\/cocoroom.es\/sevilla\/#website","url":"https:\/\/cocoroom.es\/sevilla\/","name":"Cocoroom Sevilla","description":"","publisher":{"@id":"https:\/\/cocoroom.es\/sevilla\/#organization"},"potentialAction":[{"@type":"SearchAction","target":{"@type":"EntryPoint","urlTemplate":"https:\/\/cocoroom.es\/sevilla\/?s={search_term_string}"},"query-input":{"@type":"PropertyValueSpecification","valueRequired":true,"valueName":"search_term_string"}}],"inLanguage":"es"},{"@type":"Organization","@id":"https:\/\/cocoroom.es\/sevilla\/#organization","name":"Cocoroom Sevilla","url":"https:\/\/cocoroom.es\/sevilla\/","logo":{"@type":"ImageObject","inLanguage":"es","@id":"https:\/\/cocoroom.es\/sevilla\/#\/schema\/logo\/image\/","url":"https:\/\/cocoroom.es\/sevilla\/wp-content\/uploads\/2022\/03\/cropped-logo-escape-room-sevilla-cocoroom.png","contentUrl":"https:\/\/cocoroom.es\/sevilla\/wp-content\/uploads\/2022\/03\/cropped-logo-escape-room-sevilla-cocoroom.png","width":500,"height":185,"caption":"Cocoroom Sevilla"},"image":{"@id":"https:\/\/cocoroom.es\/sevilla\/#\/schema\/logo\/image\/"}}]}},"_links":{"self":[{"href":"https:\/\/cocoroom.es\/sevilla\/wp-json\/wp\/v2\/pages\/1339","targetHints":{"allow":["GET"]}}],"collection":[{"href":"https:\/\/cocoroom.es\/sevilla\/wp-json\/wp\/v2\/pages"}],"about":[{"href":"https:\/\/cocoroom.es\/sevilla\/wp-json\/wp\/v2\/types\/page"}],"author":[{"embeddable":true,"href":"https:\/\/cocoroom.es\/sevilla\/wp-json\/wp\/v2\/users\/2"}],"replies":[{"embeddable":true,"href":"https:\/\/cocoroom.es\/sevilla\/wp-json\/wp\/v2\/comments?post=1339"}],"version-history":[{"count":26,"href":"https:\/\/cocoroom.es\/sevilla\/wp-json\/wp\/v2\/pages\/1339\/revisions"}],"predecessor-version":[{"id":3069,"href":"https:\/\/cocoroom.es\/sevilla\/wp-json\/wp\/v2\/pages\/1339\/revisions\/3069"}],"wp:attachment":[{"href":"https:\/\/cocoroom.es\/sevilla\/wp-json\/wp\/v2\/media?parent=1339"}],"curies":[{"name":"wp","href":"https:\/\/api.w.org\/{rel}","templated":true}]}}